{"id":1417,"date":"2021-10-28T15:25:26","date_gmt":"2021-10-28T21:25:26","guid":{"rendered":"https:\/\/wordpress-460556-1928604.cloudwaysapps.com\/?page_id=1417"},"modified":"2022-06-03T14:45:43","modified_gmt":"2022-06-03T20:45:43","slug":"nuestra-empresa","status":"publish","type":"page","link":"https:\/\/exportsalva.com\/en\/nuestra-empresa\/","title":{"rendered":"Our Company"},"content":{"rendered":"<div data-elementor-type=\"wp-page\" data-elementor-id=\"1417\" class=\"elementor elementor-1417\" data-elementor-settings=\"{&quot;ha_cmc_init_switcher&quot;:&quot;no&quot;}\" data-elementor-post-type=\"page\">\n\t\t\t\t<div class=\"elementor-element elementor-element-84e25cb e-con-full e-flex e-con e-parent\" data-id=\"84e25cb\" data-element_type=\"container\" data-settings=\"{&quot;background_background&quot;:&quot;gradient&quot;,&quot;_ha_eqh_enable&quot;:false}\">\n\t\t\t\t<div class=\"elementor-element elementor-element-bea8735 elementor-widget elementor-widget-heading\" data-id=\"bea8735\" data-element_type=\"widget\" data-widget_type=\"heading.default\">\n\t\t\t\t<div class=\"elementor-widget-container\">\n\t\t\t\t\t<h1 class=\"elementor-heading-title elementor-size-default\">Our Company<\/h1>\t\t\t\t<\/div>\n\t\t\t\t<\/div>\n\t\t\t\t<\/div>\n\t\t<div class=\"elementor-element elementor-element-4e59d75 e-flex e-con-boxed e-con e-parent\" data-id=\"4e59d75\" data-element_type=\"container\" data-settings=\"{&quot;background_background&quot;:&quot;classic&quot;,&quot;_ha_eqh_enable&quot;:false}\">\n\t\t\t\t\t<div class=\"e-con-inner\">\n\t\t\t\t<div class=\"elementor-element elementor-element-6b64de0 elementor-widget elementor-widget-heading\" data-id=\"6b64de0\" data-element_type=\"widget\" data-widget_type=\"heading.default\">\n\t\t\t\t<div class=\"elementor-widget-container\">\n\t\t\t\t\t<h3 class=\"elementor-heading-title elementor-size-default\">Location<\/h3>\t\t\t\t<\/div>\n\t\t\t\t<\/div>\n\t\t\t\t<div class=\"elementor-element elementor-element-bad61a9 elementor-widget elementor-widget-image\" data-id=\"bad61a9\" data-element_type=\"widget\" data-widget_type=\"image.default\">\n\t\t\t\t<div class=\"elementor-widget-container\">\n\t\t\t\t\t\t\t\t\t\t\t\t\t\t\t\t<a href=\"https:\/\/exportsalva.com\/wp-content\/uploads\/2021\/06\/Export-Salva-Location.png\" data-elementor-open-lightbox=\"yes\" data-elementor-lightbox-title=\"ExportSalva Location\" data-e-action-hash=\"#elementor-action%3Aaction%3Dlightbox%26settings%3DeyJpZCI6ODQ3LCJ1cmwiOiJodHRwczpcL1wvZXhwb3J0c2FsdmEuY29tXC93cC1jb250ZW50XC91cGxvYWRzXC8yMDIxXC8wNlwvRXhwb3J0LVNhbHZhLUxvY2F0aW9uLnBuZyJ9\">\n\t\t\t\t\t\t\t<img fetchpriority=\"high\" decoding=\"async\" width=\"1024\" height=\"561\" src=\"https:\/\/exportsalva.com\/wp-content\/uploads\/2021\/06\/Export-Salva-Location-1024x561.png\" class=\"attachment-large size-large wp-image-847\" alt=\"ExportSalva Location\" srcset=\"https:\/\/exportsalva.com\/wp-content\/uploads\/2021\/06\/Export-Salva-Location-1024x561.png 1024w, https:\/\/exportsalva.com\/wp-content\/uploads\/2021\/06\/Export-Salva-Location-300x164.png 300w, https:\/\/exportsalva.com\/wp-content\/uploads\/2021\/06\/Export-Salva-Location-768x421.png 768w, https:\/\/exportsalva.com\/wp-content\/uploads\/2021\/06\/Export-Salva-Location.png 1400w\" sizes=\"(max-width: 1024px) 100vw, 1024px\" \/>\t\t\t\t\t\t\t\t<\/a>\n\t\t\t\t\t\t\t\t\t\t\t\t\t\t\t<\/div>\n\t\t\t\t<\/div>\n\t\t<div class=\"elementor-element elementor-element-648f632 colglass e-flex e-con-boxed e-con e-parent\" data-id=\"648f632\" data-element_type=\"container\" data-settings=\"{&quot;background_background&quot;:&quot;classic&quot;,&quot;_ha_eqh_enable&quot;:false}\">\n\t\t\t\t\t<div class=\"e-con-inner\">\n\t\t\t\t<div class=\"elementor-element elementor-element-7d33868 elementor-widget elementor-widget-text-editor\" data-id=\"7d33868\" data-element_type=\"widget\" data-widget_type=\"text-editor.default\">\n\t\t\t\t<div class=\"elementor-widget-container\">\n\t\t\t\t\t\t\t\t\t<p>ExportSalva Free Zone is a 70-acre park located only 12.4 miles from San Salvador and 34.8 miles from the International Airport.<\/p><p>This strategic location provides access to professionals from three of the most important cities in the country: San Salvador, Santa Ana and Sonsonate, which combined, provide more than 700,000 workers in a radius of 14.9 miles. In addition, the park is located on the country's main highway, which provides easy access to public transportation services.<\/p><p>At ExportSalva Free Zone, we serve and welcome those companies that value and adhere to our ethical, environmental and social responsibility standards. The result is a productive and harmonious business environment.<\/p>\t\t\t\t\t\t\t\t<\/div>\n\t\t\t\t<\/div>\n\t\t\t\t\t<\/div>\n\t\t\t\t<\/div>\n\t\t\t\t\t<\/div>\n\t\t\t\t<\/div>\n\t\t<div class=\"elementor-element elementor-element-d47db10 e-flex e-con-boxed e-con e-parent\" data-id=\"d47db10\" data-element_type=\"container\" data-settings=\"{&quot;background_background&quot;:&quot;classic&quot;,&quot;_ha_eqh_enable&quot;:false}\">\n\t\t\t\t\t<div class=\"e-con-inner\">\n\t\t<div class=\"elementor-element elementor-element-3177928 e-con-full e-flex e-con e-parent\" data-id=\"3177928\" data-element_type=\"container\" data-settings=\"{&quot;_ha_eqh_enable&quot;:false}\">\n\t\t\t\t<div class=\"elementor-element elementor-element-34e229a elementor-invisible elementor-widget elementor-widget-heading\" data-id=\"34e229a\" data-element_type=\"widget\" data-settings=\"{&quot;_animation&quot;:&quot;fadeInDown&quot;}\" data-widget_type=\"heading.default\">\n\t\t\t\t<div class=\"elementor-widget-container\">\n\t\t\t\t\t<h2 class=\"elementor-heading-title elementor-size-default\">Corporate Information<\/h2>\t\t\t\t<\/div>\n\t\t\t\t<\/div>\n\t\t\t\t<div class=\"elementor-element elementor-element-44d3c88 elementor-invisible elementor-widget elementor-widget-image\" data-id=\"44d3c88\" data-element_type=\"widget\" data-settings=\"{&quot;_animation&quot;:&quot;fadeIn&quot;,&quot;_animation_delay&quot;:800}\" data-widget_type=\"image.default\">\n\t\t\t\t<div class=\"elementor-widget-container\">\n\t\t\t\t\t\t\t\t\t\t\t\t\t\t\t\t<a href=\"https:\/\/exportsalva.com\/wp-content\/uploads\/2021\/05\/Esquema-Grupo-Hilasal.webp\" data-elementor-open-lightbox=\"yes\" data-elementor-lightbox-title=\"Estructura Grupo Hilasal\" data-e-action-hash=\"#elementor-action%3Aaction%3Dlightbox%26settings%3DeyJpZCI6NTgsInVybCI6Imh0dHBzOlwvXC9leHBvcnRzYWx2YS5jb21cL3dwLWNvbnRlbnRcL3VwbG9hZHNcLzIwMjFcLzA1XC9Fc3F1ZW1hLUdydXBvLUhpbGFzYWwud2VicCJ9\">\n\t\t\t\t\t\t\t<img decoding=\"async\" width=\"1400\" height=\"495\" src=\"https:\/\/exportsalva.com\/wp-content\/uploads\/2021\/05\/Esquema-Grupo-Hilasal.webp\" class=\"attachment-full size-full wp-image-58\" alt=\"Estructura Grupo Hilasal\" srcset=\"https:\/\/exportsalva.com\/wp-content\/uploads\/2021\/05\/Esquema-Grupo-Hilasal.webp 1400w, https:\/\/exportsalva.com\/wp-content\/uploads\/2021\/05\/Esquema-Grupo-Hilasal-300x106.webp 300w, https:\/\/exportsalva.com\/wp-content\/uploads\/2021\/05\/Esquema-Grupo-Hilasal-1024x362.webp 1024w, https:\/\/exportsalva.com\/wp-content\/uploads\/2021\/05\/Esquema-Grupo-Hilasal-768x272.webp 768w\" sizes=\"(max-width: 1400px) 100vw, 1400px\" \/>\t\t\t\t\t\t\t\t<\/a>\n\t\t\t\t\t\t\t\t\t\t\t\t\t\t\t<\/div>\n\t\t\t\t<\/div>\n\t\t\t\t<div class=\"elementor-element elementor-element-007d969 elementor-widget elementor-widget-text-editor\" data-id=\"007d969\" data-element_type=\"widget\" data-widget_type=\"text-editor.default\">\n\t\t\t\t<div class=\"elementor-widget-container\">\n\t\t\t\t\t\t\t\t\tHilasal Group, established in 1942, is currently one of the world's largest manufacturers of printed beach towels and the third largest towel manufacturer in North America.  \nHilasal's 80 years of manufacturing,\ninternational sales and distribution\nbackground leverages multiple value\nadded services such as: Assembly, light manufacturing and logistic services.\t\t\t\t\t\t\t\t<\/div>\n\t\t\t\t<\/div>\n\t\t\t\t<\/div>\n\t\t\t\t\t<\/div>\n\t\t\t\t<\/div>\n\t\t<div class=\"elementor-element elementor-element-ddec745 e-flex e-con-boxed e-con e-parent\" data-id=\"ddec745\" data-element_type=\"container\" data-settings=\"{&quot;background_background&quot;:&quot;classic&quot;,&quot;_ha_eqh_enable&quot;:false}\">\n\t\t\t\t\t<div class=\"e-con-inner\">\n\t\t\t\t<div class=\"elementor-element elementor-element-e32d3a0 elementor-widget elementor-widget-image\" data-id=\"e32d3a0\" data-element_type=\"widget\" data-widget_type=\"image.default\">\n\t\t\t\t<div class=\"elementor-widget-container\">\n\t\t\t\t\t\t\t\t\t\t\t\t\t\t\t\t<a href=\"https:\/\/exportsalva.com\/wp-content\/uploads\/2021\/05\/Don-Ricardo-Sagrera-Presidente-y-CEO-de-Grupo-Hilasal.webp\" data-elementor-open-lightbox=\"yes\" data-elementor-lightbox-title=\"Don-Ricardo-Sagrera-Presidente-y-CEO-de-Grupo-Hilasal\" data-e-action-hash=\"#elementor-action%3Aaction%3Dlightbox%26settings%3DeyJpZCI6NTQsInVybCI6Imh0dHBzOlwvXC9leHBvcnRzYWx2YS5jb21cL3dwLWNvbnRlbnRcL3VwbG9hZHNcLzIwMjFcLzA1XC9Eb24tUmljYXJkby1TYWdyZXJhLVByZXNpZGVudGUteS1DRU8tZGUtR3J1cG8tSGlsYXNhbC53ZWJwIn0%3D\">\n\t\t\t\t\t\t\t<img decoding=\"async\" width=\"713\" height=\"1024\" src=\"https:\/\/exportsalva.com\/wp-content\/uploads\/2021\/05\/Don-Ricardo-Sagrera-Presidente-y-CEO-de-Grupo-Hilasal.webp\" class=\"attachment-full size-full wp-image-54\" alt=\"Don Ricardo Sagrera\" srcset=\"https:\/\/exportsalva.com\/wp-content\/uploads\/2021\/05\/Don-Ricardo-Sagrera-Presidente-y-CEO-de-Grupo-Hilasal.webp 713w, https:\/\/exportsalva.com\/wp-content\/uploads\/2021\/05\/Don-Ricardo-Sagrera-Presidente-y-CEO-de-Grupo-Hilasal-209x300.webp 209w\" sizes=\"(max-width: 713px) 100vw, 713px\" \/>\t\t\t\t\t\t\t\t<\/a>\n\t\t\t\t\t\t\t\t\t\t\t\t\t\t\t<\/div>\n\t\t\t\t<\/div>\n\t\t<div class=\"elementor-element elementor-element-16b0c79 e-con-full e-flex elementor-invisible e-con e-parent\" data-id=\"16b0c79\" data-element_type=\"container\" data-settings=\"{&quot;animation&quot;:&quot;fadeIn&quot;,&quot;_ha_eqh_enable&quot;:false}\">\n\t\t\t\t<div class=\"elementor-element elementor-element-ab6a063 elementor-widget elementor-widget-image\" data-id=\"ab6a063\" data-element_type=\"widget\" data-widget_type=\"image.default\">\n\t\t\t\t<div class=\"elementor-widget-container\">\n\t\t\t\t\t\t\t\t\t\t\t\t\t\t\t<img loading=\"lazy\" decoding=\"async\" width=\"953\" height=\"199\" src=\"https:\/\/exportsalva.com\/wp-content\/uploads\/2022\/05\/Grupo-Hilasal.jpg\" class=\"attachment-large size-large wp-image-1800\" alt=\"Grupo Hilasal\" srcset=\"https:\/\/exportsalva.com\/wp-content\/uploads\/2022\/05\/Grupo-Hilasal.jpg 953w, https:\/\/exportsalva.com\/wp-content\/uploads\/2022\/05\/Grupo-Hilasal-300x63.jpg 300w, https:\/\/exportsalva.com\/wp-content\/uploads\/2022\/05\/Grupo-Hilasal-768x160.jpg 768w\" sizes=\"(max-width: 953px) 100vw, 953px\" \/>\t\t\t\t\t\t\t\t\t\t\t\t\t\t\t<\/div>\n\t\t\t\t<\/div>\n\t\t\t\t<div class=\"elementor-element elementor-element-d5c0244 animated-fast elementor-invisible elementor-widget elementor-widget-heading\" data-id=\"d5c0244\" data-element_type=\"widget\" data-settings=\"{&quot;_animation&quot;:&quot;fadeInDown&quot;}\" data-widget_type=\"heading.default\">\n\t\t\t\t<div class=\"elementor-widget-container\">\n\t\t\t\t\t<h3 class=\"elementor-heading-title elementor-size-default\">Hilasal at a glance<\/h3>\t\t\t\t<\/div>\n\t\t\t\t<\/div>\n\t\t\t\t<div class=\"elementor-element elementor-element-dfc0d63 elementor-widget elementor-widget-text-editor\" data-id=\"dfc0d63\" data-element_type=\"widget\" data-widget_type=\"text-editor.default\">\n\t\t\t\t<div class=\"elementor-widget-container\">\n\t\t\t\t\t\t\t\t\tThe history of the Hilasal Group dates back to the 19th century when Jos\u00e9 Sagrera arrived in El Salvador from Spain and established a small workshop where he made very basic fabrics.\t\t\t\t\t\t\t\t<\/div>\n\t\t\t\t<\/div>\n\t\t\t\t<div class=\"elementor-element elementor-element-b87bc96 elementor-widget elementor-widget-text-editor\" data-id=\"b87bc96\" data-element_type=\"widget\" data-widget_type=\"text-editor.default\">\n\t\t\t\t<div class=\"elementor-widget-container\">\n\t\t\t\t\t\t\t\t\tIn 1942, Jos\u00e9's grandson, Ricardo Sagrera, founded Hilasal, a family-owned textile company that mainly manufactured yarn and basic fabrics for the local market. In 1959, the company began producing bath towels and became the first company to manufacture this product in the Central American region.\t\t\t\t\t\t\t\t<\/div>\n\t\t\t\t<\/div>\n\t\t\t\t<div class=\"elementor-element elementor-element-421a144 elementor-widget elementor-widget-text-editor\" data-id=\"421a144\" data-element_type=\"widget\" data-widget_type=\"text-editor.default\">\n\t\t\t\t<div class=\"elementor-widget-container\">\n\t\t\t\t\t\t\t\t\tIn 1968, the company began exporting its products to Europe and in 1975, under the leadership of Ricardo Sagrera III, current President and CEO of the Hilasal Group, the first exports to the United States were made. Hilasal currently has a modern, vertically integrated plant in El Salvador. It is currently one of the largest manufacturers of printed beach towels in the world and one of the largest towel manufacturers in North America.\t\t\t\t\t\t\t\t<\/div>\n\t\t\t\t<\/div>\n\t\t\t\t<\/div>\n\t\t\t\t\t<\/div>\n\t\t\t\t<\/div>\n\t\t<div class=\"elementor-element elementor-element-228827b e-flex e-con-boxed e-con e-parent\" data-id=\"228827b\" data-element_type=\"container\" data-settings=\"{&quot;_ha_eqh_enable&quot;:false}\">\n\t\t\t\t\t<div class=\"e-con-inner\">\n\t\t<div class=\"elementor-element elementor-element-0df5d6d e-con-full e-flex elementor-invisible e-con e-parent\" data-id=\"0df5d6d\" data-element_type=\"container\" data-settings=\"{&quot;animation&quot;:&quot;fadeIn&quot;,&quot;_ha_eqh_enable&quot;:false}\">\n\t\t\t\t<div class=\"elementor-element elementor-element-94297b7 elementor-widget elementor-widget-text-editor\" data-id=\"94297b7\" data-element_type=\"widget\" data-widget_type=\"text-editor.default\">\n\t\t\t\t<div class=\"elementor-widget-container\">\n\t\t\t\t\t\t\t\t\t<p>In addition to the towel factory, the group founded Valley Manufacturing, an apparel manufacturing company, in 1992. This division currently operates 9 plants with 4,500 employees, serving prestigious clients such as Under Armour, Champion, Adidas, among others.<\/p>\t\t\t\t\t\t\t\t<\/div>\n\t\t\t\t<\/div>\n\t\t\t\t<div class=\"elementor-element elementor-element-3faa651 elementor-widget elementor-widget-text-editor\" data-id=\"3faa651\" data-element_type=\"widget\" data-widget_type=\"text-editor.default\">\n\t\t\t\t<div class=\"elementor-widget-container translation-block\">In 1993, the group capitalized on synergies and incorporated Export Salva Free Zone, a 288,945 M<sup>2<\/sup> business and a 70-acre Business and Service Park with more than 9,000 employees. The experience of more than 62 years in manufacturing and distribution, along with industry trends motivated us to diversify our business lines, that is how in 2004 Blue Logistics was born in El Salvador and in 2017 BP Logistics in Panama as Regional Distribution Centers (3PL).<\/div>\n\t\t\t\t<\/div>\n\t\t\t\t<\/div>\n\t\t\t\t<div class=\"elementor-element elementor-element-bf5951f elementor-widget elementor-widget-image\" data-id=\"bf5951f\" data-element_type=\"widget\" data-widget_type=\"image.default\">\n\t\t\t\t<div class=\"elementor-widget-container\">\n\t\t\t\t\t\t\t\t\t\t\t\t\t\t\t\t<a href=\"https:\/\/exportsalva.com\/wp-content\/uploads\/2021\/05\/Operario-en-tejedora-industrial-Exportsalva-1024x548-1.jpeg\" data-elementor-open-lightbox=\"yes\" data-elementor-lightbox-title=\"Operario-en-tejedora-industrial-Exportsalva-1024x548\" data-e-action-hash=\"#elementor-action%3Aaction%3Dlightbox%26settings%3DeyJpZCI6ODgsInVybCI6Imh0dHBzOlwvXC9leHBvcnRzYWx2YS5jb21cL3dwLWNvbnRlbnRcL3VwbG9hZHNcLzIwMjFcLzA1XC9PcGVyYXJpby1lbi10ZWplZG9yYS1pbmR1c3RyaWFsLUV4cG9ydHNhbHZhLTEwMjR4NTQ4LTEuanBlZyJ9\">\n\t\t\t\t\t\t\t<img loading=\"lazy\" decoding=\"async\" width=\"1024\" height=\"548\" src=\"https:\/\/exportsalva.com\/wp-content\/uploads\/2021\/05\/Operario-en-tejedora-industrial-Exportsalva-1024x548-1.jpeg\" class=\"attachment-full size-full wp-image-88\" alt=\"\" srcset=\"https:\/\/exportsalva.com\/wp-content\/uploads\/2021\/05\/Operario-en-tejedora-industrial-Exportsalva-1024x548-1.jpeg 1024w, https:\/\/exportsalva.com\/wp-content\/uploads\/2021\/05\/Operario-en-tejedora-industrial-Exportsalva-1024x548-1-300x161.jpeg 300w, https:\/\/exportsalva.com\/wp-content\/uploads\/2021\/05\/Operario-en-tejedora-industrial-Exportsalva-1024x548-1-768x411.jpeg 768w\" sizes=\"(max-width: 1024px) 100vw, 1024px\" \/>\t\t\t\t\t\t\t\t<\/a>\n\t\t\t\t\t\t\t\t\t\t\t\t\t\t\t<\/div>\n\t\t\t\t<\/div>\n\t\t\t\t\t<\/div>\n\t\t\t\t<\/div>\n\t\t\t\t<\/div>","protected":false},"excerpt":{"rendered":"<p>Nuestra Empresa Ubicaci\u00f3n ExportSalva Free Zone es un Parque de 42 manzanas ubicado a solo 20 kil\u00f3metros de San Salvador y 56 kil\u00f3metros del Aeropuerto Internacional. Esta ubicaci\u00f3n estrat\u00e9gica brinda acceso a profesionales de tres de las ciudades m\u00e1s importantes del pa\u00eds: San Salvador, Santa Ana y Sonsonate, que combinadas, proporcionan m\u00e1s de 700,000 trabajadores [&hellip;]<\/p>\n","protected":false},"author":1,"featured_media":0,"parent":0,"menu_order":0,"comment_status":"closed","ping_status":"closed","template":"","meta":{"footnotes":""},"blocksy_meta":{"styles_descriptor":{"styles":{"desktop":"","tablet":"","mobile":""},"google_fonts":[],"version":5}},"_links":{"self":[{"href":"https:\/\/exportsalva.com\/en\/wp-json\/wp\/v2\/pages\/1417"}],"collection":[{"href":"https:\/\/exportsalva.com\/en\/wp-json\/wp\/v2\/pages"}],"about":[{"href":"https:\/\/exportsalva.com\/en\/wp-json\/wp\/v2\/types\/page"}],"author":[{"embeddable":true,"href":"https:\/\/exportsalva.com\/en\/wp-json\/wp\/v2\/users\/1"}],"replies":[{"embeddable":true,"href":"https:\/\/exportsalva.com\/en\/wp-json\/wp\/v2\/comments?post=1417"}],"version-history":[{"count":103,"href":"https:\/\/exportsalva.com\/en\/wp-json\/wp\/v2\/pages\/1417\/revisions"}],"predecessor-version":[{"id":2276,"href":"https:\/\/exportsalva.com\/en\/wp-json\/wp\/v2\/pages\/1417\/revisions\/2276"}],"wp:attachment":[{"href":"https:\/\/exportsalva.com\/en\/wp-json\/wp\/v2\/media?parent=1417"}],"curies":[{"name":"wp","href":"https:\/\/api.w.org\/{rel}","templated":true}]}}