{"id":1466,"date":"2021-10-28T16:33:40","date_gmt":"2021-10-28T22:33:40","guid":{"rendered":"https:\/\/wordpress-460556-1928604.cloudwaysapps.com\/?page_id=1466"},"modified":"2022-05-26T22:13:27","modified_gmt":"2022-05-27T04:13:27","slug":"instalaciones","status":"publish","type":"page","link":"https:\/\/exportsalva.com\/en\/instalaciones\/","title":{"rendered":"Facilities"},"content":{"rendered":"<div data-elementor-type=\"wp-page\" data-elementor-id=\"1466\" class=\"elementor elementor-1466\" data-elementor-settings=\"{&quot;ha_cmc_init_switcher&quot;:&quot;no&quot;}\" data-elementor-post-type=\"page\">\n\t\t\t\t<div class=\"elementor-element elementor-element-796b066 e-flex e-con-boxed e-con e-parent\" data-id=\"796b066\" data-element_type=\"container\" data-settings=\"{&quot;background_background&quot;:&quot;gradient&quot;,&quot;_ha_eqh_enable&quot;:false}\">\n\t\t\t\t\t<div class=\"e-con-inner\">\n\t\t\t\t<div class=\"elementor-element elementor-element-36c726d elementor-widget elementor-widget-heading\" data-id=\"36c726d\" data-element_type=\"widget\" data-widget_type=\"heading.default\">\n\t\t\t\t<div class=\"elementor-widget-container\">\n\t\t\t\t\t<h1 class=\"elementor-heading-title elementor-size-default\">Facilities<\/h1>\t\t\t\t<\/div>\n\t\t\t\t<\/div>\n\t\t\t\t\t<\/div>\n\t\t\t\t<\/div>\n\t\t<div class=\"elementor-element elementor-element-b834e3e e-flex e-con-boxed e-con e-parent\" data-id=\"b834e3e\" data-element_type=\"container\" data-settings=\"{&quot;background_background&quot;:&quot;classic&quot;,&quot;_ha_eqh_enable&quot;:false}\">\n\t\t\t\t\t<div class=\"e-con-inner\">\n\t\t<div class=\"elementor-element elementor-element-7f4fe6b e-con-full e-flex e-con e-parent\" data-id=\"7f4fe6b\" data-element_type=\"container\" data-settings=\"{&quot;background_background&quot;:&quot;classic&quot;,&quot;_ha_eqh_enable&quot;:false}\">\n\t\t<div class=\"elementor-element elementor-element-30adb0e e-flex e-con-boxed e-con e-parent\" data-id=\"30adb0e\" data-element_type=\"container\" data-settings=\"{&quot;_ha_eqh_enable&quot;:false}\">\n\t\t\t\t\t<div class=\"e-con-inner\">\n\t\t\t\t<div class=\"elementor-element elementor-element-98b1e9f elementor-widget__width-initial elementor-widget elementor-widget-image\" data-id=\"98b1e9f\" data-element_type=\"widget\" data-widget_type=\"image.default\">\n\t\t\t\t<div class=\"elementor-widget-container\">\n\t\t\t\t\t\t\t\t\t\t\t\t<figure class=\"wp-caption\">\n\t\t\t\t\t\t\t\t\t\t\t<a href=\"https:\/\/exportsalva.com\/wp-content\/uploads\/2021\/10\/Ready-made-industrial-buildings.webp\" data-elementor-open-lightbox=\"yes\" data-elementor-lightbox-title=\"Ready-Made Industrial Buildings in ExportSalva Free Zone\" data-e-action-hash=\"#elementor-action%3Aaction%3Dlightbox%26settings%3DeyJpZCI6MTM4MywidXJsIjoiaHR0cHM6XC9cL2V4cG9ydHNhbHZhLmNvbVwvd3AtY29udGVudFwvdXBsb2Fkc1wvMjAyMVwvMTBcL1JlYWR5LW1hZGUtaW5kdXN0cmlhbC1idWlsZGluZ3Mud2VicCJ9\">\n\t\t\t\t\t\t\t<img decoding=\"async\" src=\"https:\/\/exportsalva.com\/wp-content\/uploads\/elementor\/thumbs\/Ready-made-industrial-buildings-peivzpig9mu55ulvwxsq9goaa33bmieqxclitgv154.webp\" title=\"Ready-Made Industrial Buildings in ExportSalva Free Zone\" alt=\"Ready-Made Industrial Buildings in ExportSalva Free Zone\" loading=\"lazy\" \/>\t\t\t\t\t\t\t\t<\/a>\n\t\t\t\t\t\t\t\t\t\t\t<figcaption class=\"widget-image-caption wp-caption-text\">Industrial Buildings<\/figcaption>\n\t\t\t\t\t\t\t\t\t\t<\/figure>\n\t\t\t\t\t\t\t\t\t<\/div>\n\t\t\t\t<\/div>\n\t\t\t\t<div class=\"elementor-element elementor-element-c001d46 elementor-widget__width-initial elementor-widget elementor-widget-image\" data-id=\"c001d46\" data-element_type=\"widget\" data-widget_type=\"image.default\">\n\t\t\t\t<div class=\"elementor-widget-container\">\n\t\t\t\t\t\t\t\t\t\t\t\t<figure class=\"wp-caption\">\n\t\t\t\t\t\t\t\t\t\t\t<a href=\"https:\/\/exportsalva.com\/wp-content\/uploads\/2021\/06\/Customs.jpg\" data-elementor-open-lightbox=\"yes\" data-elementor-lightbox-title=\"Aduana\" data-e-action-hash=\"#elementor-action%3Aaction%3Dlightbox%26settings%3DeyJpZCI6OTMyLCJ1cmwiOiJodHRwczpcL1wvZXhwb3J0c2FsdmEuY29tXC93cC1jb250ZW50XC91cGxvYWRzXC8yMDIxXC8wNlwvQ3VzdG9tcy5qcGcifQ%3D%3D\">\n\t\t\t\t\t\t\t<img decoding=\"async\" src=\"https:\/\/exportsalva.com\/wp-content\/uploads\/elementor\/thumbs\/Customs-p8igqi05ttqcmd0tj5wxufffbwzf0mko4gnrwl2r9k.jpg\" title=\"Customs\" alt=\"Customs - Aduana\" loading=\"lazy\" \/>\t\t\t\t\t\t\t\t<\/a>\n\t\t\t\t\t\t\t\t\t\t\t<figcaption class=\"widget-image-caption wp-caption-text\">Customs<\/figcaption>\n\t\t\t\t\t\t\t\t\t\t<\/figure>\n\t\t\t\t\t\t\t\t\t<\/div>\n\t\t\t\t<\/div>\n\t\t\t\t\t<\/div>\n\t\t\t\t<\/div>\n\t\t<div class=\"elementor-element elementor-element-29f8013 e-flex e-con-boxed e-con e-parent\" data-id=\"29f8013\" data-element_type=\"container\" data-settings=\"{&quot;_ha_eqh_enable&quot;:false}\">\n\t\t\t\t\t<div class=\"e-con-inner\">\n\t\t\t\t<div class=\"elementor-element elementor-element-f9c633f elementor-widget__width-initial elementor-widget elementor-widget-image\" data-id=\"f9c633f\" data-element_type=\"widget\" data-widget_type=\"image.default\">\n\t\t\t\t<div class=\"elementor-widget-container\">\n\t\t\t\t\t\t\t\t\t\t\t\t<figure class=\"wp-caption\">\n\t\t\t\t\t\t\t\t\t\t\t<a href=\"https:\/\/exportsalva.com\/wp-content\/uploads\/2021\/05\/cancha-recreativa.webp\" data-elementor-open-lightbox=\"yes\" data-elementor-lightbox-title=\"\u00c1rea recreativa y deportiva\" data-e-action-hash=\"#elementor-action%3Aaction%3Dlightbox%26settings%3DeyJpZCI6NDYsInVybCI6Imh0dHBzOlwvXC9leHBvcnRzYWx2YS5jb21cL3dwLWNvbnRlbnRcL3VwbG9hZHNcLzIwMjFcLzA1XC9jYW5jaGEtcmVjcmVhdGl2YS53ZWJwIn0%3D\">\n\t\t\t\t\t\t\t<img decoding=\"async\" src=\"https:\/\/exportsalva.com\/wp-content\/uploads\/elementor\/thumbs\/cancha-recreativa-p74modin7q72gxz04yfre0fqwzrrkj4wotqj8xkfbc.webp\" title=\"Recreational and sports area\" alt=\"\u00c1rea recreativa y deportiva\" loading=\"lazy\" \/>\t\t\t\t\t\t\t\t<\/a>\n\t\t\t\t\t\t\t\t\t\t\t<figcaption class=\"widget-image-caption wp-caption-text\">Recreational and sports area<\/figcaption>\n\t\t\t\t\t\t\t\t\t\t<\/figure>\n\t\t\t\t\t\t\t\t\t<\/div>\n\t\t\t\t<\/div>\n\t\t\t\t<div class=\"elementor-element elementor-element-7c27cb5 elementor-widget__width-initial elementor-widget elementor-widget-image\" data-id=\"7c27cb5\" data-element_type=\"widget\" data-widget_type=\"image.default\">\n\t\t\t\t<div class=\"elementor-widget-container\">\n\t\t\t\t\t\t\t\t\t\t\t\t<figure class=\"wp-caption\">\n\t\t\t\t\t\t\t\t\t\t\t<a href=\"https:\/\/exportsalva.com\/wp-content\/uploads\/2021\/05\/Recreational-Sports-Areas-and-Children-Playground-2.webp\" data-elementor-open-lightbox=\"yes\" data-elementor-lightbox-title=\"\u00c1rea de Juegos Infantiles\" data-e-action-hash=\"#elementor-action%3Aaction%3Dlightbox%26settings%3DeyJpZCI6OTIsInVybCI6Imh0dHBzOlwvXC9leHBvcnRzYWx2YS5jb21cL3dwLWNvbnRlbnRcL3VwbG9hZHNcLzIwMjFcLzA1XC9SZWNyZWF0aW9uYWwtU3BvcnRzLUFyZWFzLWFuZC1DaGlsZHJlbi1QbGF5Z3JvdW5kLTIud2VicCJ9\">\n\t\t\t\t\t\t\t<img decoding=\"async\" src=\"https:\/\/exportsalva.com\/wp-content\/uploads\/elementor\/thumbs\/Recreational-Sports-Areas-and-Children-Playground-2-p74mpf46t3mjdcge1eou5qy6oemg4fa65ztyg00oeg.webp\" title=\"\u00c1rea de Juegos Infantiles\" alt=\"\u00c1rea de juegos infantiles\" loading=\"lazy\" \/>\t\t\t\t\t\t\t\t<\/a>\n\t\t\t\t\t\t\t\t\t\t\t<figcaption class=\"widget-image-caption wp-caption-text\">Children's play area<\/figcaption>\n\t\t\t\t\t\t\t\t\t\t<\/figure>\n\t\t\t\t\t\t\t\t\t<\/div>\n\t\t\t\t<\/div>\n\t\t\t\t\t<\/div>\n\t\t\t\t<\/div>\n\t\t<div class=\"elementor-element elementor-element-f47d6f4 e-flex e-con-boxed e-con e-parent\" data-id=\"f47d6f4\" data-element_type=\"container\" data-settings=\"{&quot;_ha_eqh_enable&quot;:false}\">\n\t\t\t\t\t<div class=\"e-con-inner\">\n\t\t\t\t<div class=\"elementor-element elementor-element-1911761 elementor-widget__width-initial elementor-widget elementor-widget-image\" data-id=\"1911761\" data-element_type=\"widget\" data-widget_type=\"image.default\">\n\t\t\t\t<div class=\"elementor-widget-container\">\n\t\t\t\t\t\t\t\t\t\t\t\t<figure class=\"wp-caption\">\n\t\t\t\t\t\t\t\t\t\t\t<a href=\"https:\/\/exportsalva.com\/wp-content\/uploads\/2021\/06\/Health-Clinic-Pharmacy.jpg\" data-elementor-open-lightbox=\"yes\" data-elementor-lightbox-title=\"Health Clinic &amp; Pharmacy\" data-e-action-hash=\"#elementor-action%3Aaction%3Dlightbox%26settings%3DeyJpZCI6OTM0LCJ1cmwiOiJodHRwczpcL1wvZXhwb3J0c2FsdmEuY29tXC93cC1jb250ZW50XC91cGxvYWRzXC8yMDIxXC8wNlwvSGVhbHRoLUNsaW5pYy1QaGFybWFjeS5qcGcifQ%3D%3D\">\n\t\t\t\t\t\t\t<img decoding=\"async\" src=\"https:\/\/exportsalva.com\/wp-content\/uploads\/elementor\/thumbs\/Health-Clinic-Pharmacy-p8iguezyaz3czvc0nuuz8fukfpoh384enuilw39pc8.jpg\" title=\"Health Clinic &#038; Pharmacy\" alt=\"Cl\u00ednica Empresarial\" loading=\"lazy\" \/>\t\t\t\t\t\t\t\t<\/a>\n\t\t\t\t\t\t\t\t\t\t\t<figcaption class=\"widget-image-caption wp-caption-text\">Corporate Clinic<\/figcaption>\n\t\t\t\t\t\t\t\t\t\t<\/figure>\n\t\t\t\t\t\t\t\t\t<\/div>\n\t\t\t\t<\/div>\n\t\t\t\t<div class=\"elementor-element elementor-element-c7d7205 elementor-widget__width-initial elementor-widget elementor-widget-image\" data-id=\"c7d7205\" data-element_type=\"widget\" data-widget_type=\"image.default\">\n\t\t\t\t<div class=\"elementor-widget-container\">\n\t\t\t\t\t\t\t\t\t\t\t\t<figure class=\"wp-caption\">\n\t\t\t\t\t\t\t\t\t\t\t<a href=\"https:\/\/exportsalva.com\/wp-content\/uploads\/2021\/05\/Exportsalva-gimnasio-colaboradores0.webp\" data-elementor-open-lightbox=\"yes\" data-elementor-lightbox-title=\"Gimnasio y Centro de Capacitaci\u00f3n\" data-e-action-hash=\"#elementor-action%3Aaction%3Dlightbox%26settings%3DeyJpZCI6MTU2NiwidXJsIjoiaHR0cHM6XC9cL2V4cG9ydHNhbHZhLmNvbVwvd3AtY29udGVudFwvdXBsb2Fkc1wvMjAyMVwvMDVcL0V4cG9ydHNhbHZhLWdpbW5hc2lvLWNvbGFib3JhZG9yZXMwLndlYnAifQ%3D%3D\">\n\t\t\t\t\t\t\t<img decoding=\"async\" src=\"https:\/\/exportsalva.com\/wp-content\/uploads\/elementor\/thumbs\/Exportsalva-gimnasio-colaboradores0-p74mp10lyl38j70vbqlfmci9rmjxwyq7421o8ulkzs.webp\" title=\"Gym and Training Center\" alt=\"Gimnasio y Centro de Capacitaci\u00f3n\" loading=\"lazy\" \/>\t\t\t\t\t\t\t\t<\/a>\n\t\t\t\t\t\t\t\t\t\t\t<figcaption class=\"widget-image-caption wp-caption-text\">Gym and Training Center<\/figcaption>\n\t\t\t\t\t\t\t\t\t\t<\/figure>\n\t\t\t\t\t\t\t\t\t<\/div>\n\t\t\t\t<\/div>\n\t\t\t\t\t<\/div>\n\t\t\t\t<\/div>\n\t\t<div class=\"elementor-element elementor-element-10bccfe e-flex e-con-boxed e-con e-parent\" data-id=\"10bccfe\" data-element_type=\"container\" data-settings=\"{&quot;_ha_eqh_enable&quot;:false}\">\n\t\t\t\t\t<div class=\"e-con-inner\">\n\t\t\t\t<div class=\"elementor-element elementor-element-45f6cb4 elementor-widget__width-initial elementor-widget elementor-widget-image\" data-id=\"45f6cb4\" data-element_type=\"widget\" data-widget_type=\"image.default\">\n\t\t\t\t<div class=\"elementor-widget-container\">\n\t\t\t\t\t\t\t\t\t\t\t\t<figure class=\"wp-caption\">\n\t\t\t\t\t\t\t\t\t\t\t<a href=\"https:\/\/exportsalva.com\/wp-content\/uploads\/2021\/10\/Farmacia-Exportsalva.jpg\" data-elementor-open-lightbox=\"yes\" data-elementor-lightbox-title=\"Farmacia-Exportsalva\" data-e-action-hash=\"#elementor-action%3Aaction%3Dlightbox%26settings%3DeyJpZCI6MTMwNCwidXJsIjoiaHR0cHM6XC9cL2V4cG9ydHNhbHZhLmNvbVwvd3AtY29udGVudFwvdXBsb2Fkc1wvMjAyMVwvMTBcL0Zhcm1hY2lhLUV4cG9ydHNhbHZhLmpwZyJ9\">\n\t\t\t\t\t\t\t<img decoding=\"async\" src=\"https:\/\/exportsalva.com\/wp-content\/uploads\/elementor\/thumbs\/Farmacia-Exportsalva-pdzkm5vmvvstzb898ju8x3a5b491fpywssydk8cknc.jpg\" title=\"Farmacia-Exportsalva\" alt=\"Farmacia Exportsalva\" loading=\"lazy\" \/>\t\t\t\t\t\t\t\t<\/a>\n\t\t\t\t\t\t\t\t\t\t\t<figcaption class=\"widget-image-caption wp-caption-text\">Pharmacy<\/figcaption>\n\t\t\t\t\t\t\t\t\t\t<\/figure>\n\t\t\t\t\t\t\t\t\t<\/div>\n\t\t\t\t<\/div>\n\t\t\t\t\t<\/div>\n\t\t\t\t<\/div>\n\t\t\t\t<\/div>\n\t\t\t\t\t<\/div>\n\t\t\t\t<\/div>\n\t\t\t\t<\/div>","protected":false},"excerpt":{"rendered":"<p>Instalaciones Edificios Industriales Aduana \u00c1rea recreativa y deportiva \u00c1rea de juegos infantiles Cl\u00ednica Empresarial Gimnasio y Centro de Capacitaci\u00f3n Farmacia<\/p>","protected":false},"author":1,"featured_media":0,"parent":0,"menu_order":0,"comment_status":"closed","ping_status":"closed","template":"","meta":{"footnotes":""},"blocksy_meta":{"styles_descriptor":{"styles":{"desktop":"","tablet":"","mobile":""},"google_fonts":[],"version":5}},"_links":{"self":[{"href":"https:\/\/exportsalva.com\/en\/wp-json\/wp\/v2\/pages\/1466"}],"collection":[{"href":"https:\/\/exportsalva.com\/en\/wp-json\/wp\/v2\/pages"}],"about":[{"href":"https:\/\/exportsalva.com\/en\/wp-json\/wp\/v2\/types\/page"}],"author":[{"embeddable":true,"href":"https:\/\/exportsalva.com\/en\/wp-json\/wp\/v2\/users\/1"}],"replies":[{"embeddable":true,"href":"https:\/\/exportsalva.com\/en\/wp-json\/wp\/v2\/comments?post=1466"}],"version-history":[{"count":46,"href":"https:\/\/exportsalva.com\/en\/wp-json\/wp\/v2\/pages\/1466\/revisions"}],"predecessor-version":[{"id":2188,"href":"https:\/\/exportsalva.com\/en\/wp-json\/wp\/v2\/pages\/1466\/revisions\/2188"}],"wp:attachment":[{"href":"https:\/\/exportsalva.com\/en\/wp-json\/wp\/v2\/media?parent=1466"}],"curies":[{"name":"wp","href":"https:\/\/api.w.org\/{rel}","templated":true}]}}