{"id":1483,"date":"2021-10-28T17:48:37","date_gmt":"2021-10-28T23:48:37","guid":{"rendered":"https:\/\/wordpress-460556-1928604.cloudwaysapps.com\/?page_id=1483"},"modified":"2022-07-25T17:21:16","modified_gmt":"2022-07-25T23:21:16","slug":"exportsalva-ii","status":"publish","type":"page","link":"https:\/\/exportsalva.com\/en\/exportsalva-ii\/","title":{"rendered":"ExportSalva II"},"content":{"rendered":"<div data-elementor-type=\"wp-page\" data-elementor-id=\"1483\" class=\"elementor elementor-1483\" data-elementor-settings=\"{&quot;ha_cmc_init_switcher&quot;:&quot;no&quot;}\" data-elementor-post-type=\"page\">\n\t\t\t\t<div class=\"elementor-element elementor-element-7288486 e-flex e-con-boxed e-con e-parent\" data-id=\"7288486\" data-element_type=\"container\" data-settings=\"{&quot;background_background&quot;:&quot;gradient&quot;,&quot;_ha_eqh_enable&quot;:false}\">\n\t\t\t\t\t<div class=\"e-con-inner\">\n\t\t\t\t<div class=\"elementor-element elementor-element-c4e239c elementor-widget elementor-widget-heading\" data-id=\"c4e239c\" data-element_type=\"widget\" data-widget_type=\"heading.default\">\n\t\t\t\t<div class=\"elementor-widget-container\">\n\t\t\t\t\t<h1 class=\"elementor-heading-title elementor-size-default\">ExportSalva II<\/h1>\t\t\t\t<\/div>\n\t\t\t\t<\/div>\n\t\t\t\t\t<\/div>\n\t\t\t\t<\/div>\n\t\t<div class=\"elementor-element elementor-element-0dd03b6 e-flex e-con-boxed e-con e-parent\" data-id=\"0dd03b6\" data-element_type=\"container\" data-settings=\"{&quot;background_background&quot;:&quot;classic&quot;,&quot;_ha_eqh_enable&quot;:false}\">\n\t\t\t\t\t<div class=\"e-con-inner\">\n\t\t<div class=\"elementor-element elementor-element-f95bc40 e-con-full e-flex e-con e-parent\" data-id=\"f95bc40\" data-element_type=\"container\" data-settings=\"{&quot;background_background&quot;:&quot;classic&quot;,&quot;_ha_eqh_enable&quot;:false}\">\n\t\t\t\t<div class=\"elementor-element elementor-element-e3c62c2 elementor-widget elementor-widget-text-editor\" data-id=\"e3c62c2\" data-element_type=\"widget\" data-widget_type=\"text-editor.default\">\n\t\t\t\t<div class=\"elementor-widget-container\">\n\t\t\t\t\t\t\t\t\tWe have continued with our development and now we have a new park to host more companies interested in starting operations in El Salvador. ExportSalva II also operates under the Free Trade Zones and Commercialization Law; as well as the International Services Law of El Salvador.\t\t\t\t\t\t\t\t<\/div>\n\t\t\t\t<\/div>\n\t\t<div class=\"elementor-element elementor-element-c57dcbb e-con-full e-flex e-con e-parent\" data-id=\"c57dcbb\" data-element_type=\"container\" data-settings=\"{&quot;_ha_eqh_enable&quot;:false}\">\n\t\t\t\t<\/div>\n\t\t\t\t<\/div>\n\t\t\t\t\t<\/div>\n\t\t\t\t<\/div>\n\t\t<div class=\"elementor-element elementor-element-037db15 e-flex e-con-boxed e-con e-parent\" data-id=\"037db15\" data-element_type=\"container\" data-settings=\"{&quot;_ha_eqh_enable&quot;:false}\">\n\t\t\t\t\t<div class=\"e-con-inner\">\n\t\t<div class=\"elementor-element elementor-element-b326a30 e-con-full e-flex e-con e-parent\" data-id=\"b326a30\" data-element_type=\"container\" data-settings=\"{&quot;_ha_eqh_enable&quot;:false}\">\n\t\t\t\t<div class=\"elementor-element elementor-element-96713e4 elementor-widget elementor-widget-text-editor\" data-id=\"96713e4\" data-element_type=\"widget\" data-widget_type=\"text-editor.default\">\n\t\t\t\t<div class=\"elementor-widget-container\">\n\t\t\t\t\t\t\t\t\t<p><strong>ExportSalva Free Zone<\/strong> continues growing. After 30 years of operation, experience and positioning as one of the best free zones in the country, we open the doors of a new phase operating also under the Law of Industrial and Commercial Free Zones and the Law of International Services of El Salvador: <strong>ExportSalva II<\/strong>.<\/p>\t\t\t\t\t\t\t\t<\/div>\n\t\t\t\t<\/div>\n\t\t\t\t<\/div>\n\t\t<div class=\"elementor-element elementor-element-5f5c9ef e-con-full e-flex e-con e-parent\" data-id=\"5f5c9ef\" data-element_type=\"container\" data-settings=\"{&quot;_ha_eqh_enable&quot;:false}\">\n\t\t\t\t<div class=\"elementor-element elementor-element-801f7c9 elementor-widget elementor-widget-text-editor\" data-id=\"801f7c9\" data-element_type=\"widget\" data-widget_type=\"text-editor.default\">\n\t\t\t\t<div class=\"elementor-widget-container\">\n\t\t\t\t\t\t\t\t\t<p>Located at mile 20 of the Santa Ana Highway, in San Juan Opico, La Libertad, El Salvador, just 17 miles from the capital of San Salvador in the San Andres Valley, with the access from the Pan-American Highway, the main communication route in the country and the region.<\/p>\t\t\t\t\t\t\t\t<\/div>\n\t\t\t\t<\/div>\n\t\t\t\t<\/div>\n\t\t<div class=\"elementor-element elementor-element-dcfff20 e-con-full e-flex e-con e-parent\" data-id=\"dcfff20\" data-element_type=\"container\" data-settings=\"{&quot;_ha_eqh_enable&quot;:false}\">\n\t\t\t\t<div class=\"elementor-element elementor-element-fe016d4 elementor-widget elementor-widget-text-editor\" data-id=\"fe016d4\" data-element_type=\"widget\" data-widget_type=\"text-editor.default\">\n\t\t\t\t<div class=\"elementor-widget-container\">\n\t\t\t\t\t\t\t\t\t<p><strong>ExportSalva II<\/strong> has an area of 34,000 square meters in which two industrial buildings of approximately 5,000 square meters each are being developed, in addition to the park's administrative offices, customs and recreational facilities.<\/p>\t\t\t\t\t\t\t\t<\/div>\n\t\t\t\t<\/div>\n\t\t\t\t<\/div>\n\t\t\t\t\t<\/div>\n\t\t\t\t<\/div>\n\t\t<div class=\"elementor-element elementor-element-6cdbe23 e-flex e-con-boxed e-con e-parent\" data-id=\"6cdbe23\" data-element_type=\"container\" data-settings=\"{&quot;_ha_eqh_enable&quot;:false}\">\n\t\t\t\t\t<div class=\"e-con-inner\">\n\t\t<div class=\"elementor-element elementor-element-64ff17f e-con-full e-flex e-con e-parent\" data-id=\"64ff17f\" data-element_type=\"container\" data-settings=\"{&quot;_ha_eqh_enable&quot;:false}\">\n\t\t\t\t<div class=\"elementor-element elementor-element-bd86d36 elementor-widget elementor-widget-image\" data-id=\"bd86d36\" data-element_type=\"widget\" data-widget_type=\"image.default\">\n\t\t\t\t<div class=\"elementor-widget-container\">\n\t\t\t\t\t\t\t\t\t\t\t\t<figure class=\"wp-caption\">\n\t\t\t\t\t\t\t\t\t\t\t<a href=\"https:\/\/exportsalva.com\/wp-content\/uploads\/2021\/10\/Plano-ExportSalva-II.webp\" data-elementor-open-lightbox=\"yes\" data-elementor-lightbox-title=\"Vista de Planta de instalaciones de ExportSalva II\" data-e-action-hash=\"#elementor-action%3Aaction%3Dlightbox%26settings%3DeyJpZCI6MTM4NCwidXJsIjoiaHR0cHM6XC9cL2V4cG9ydHNhbHZhLmNvbVwvd3AtY29udGVudFwvdXBsb2Fkc1wvMjAyMVwvMTBcL1BsYW5vLUV4cG9ydFNhbHZhLUlJLndlYnAifQ%3D%3D\">\n\t\t\t\t\t\t\t<img fetchpriority=\"high\" decoding=\"async\" width=\"1920\" height=\"474\" src=\"https:\/\/exportsalva.com\/wp-content\/uploads\/2021\/10\/Plano-ExportSalva-II.webp\" class=\"attachment-full size-full wp-image-1384\" alt=\"Vista de Planta de instalaciones de ExportSalva II\" srcset=\"https:\/\/exportsalva.com\/wp-content\/uploads\/2021\/10\/Plano-ExportSalva-II.webp 1920w, https:\/\/exportsalva.com\/wp-content\/uploads\/2021\/10\/Plano-ExportSalva-II-300x74.webp 300w, https:\/\/exportsalva.com\/wp-content\/uploads\/2021\/10\/Plano-ExportSalva-II-1024x253.webp 1024w, https:\/\/exportsalva.com\/wp-content\/uploads\/2021\/10\/Plano-ExportSalva-II-768x190.webp 768w, https:\/\/exportsalva.com\/wp-content\/uploads\/2021\/10\/Plano-ExportSalva-II-1536x379.webp 1536w\" sizes=\"(max-width: 1920px) 100vw, 1920px\" \/>\t\t\t\t\t\t\t\t<\/a>\n\t\t\t\t\t\t\t\t\t\t\t<figcaption class=\"widget-image-caption wp-caption-text\">Park Architectural Plan<\/figcaption>\n\t\t\t\t\t\t\t\t\t\t<\/figure>\n\t\t\t\t\t\t\t\t\t<\/div>\n\t\t\t\t<\/div>\n\t\t\t\t<\/div>\n\t\t\t\t\t<\/div>\n\t\t\t\t<\/div>\n\t\t<div class=\"elementor-element elementor-element-fa57de4 e-con-full e-flex e-con e-parent\" data-id=\"fa57de4\" data-element_type=\"container\" data-settings=\"{&quot;_ha_eqh_enable&quot;:false}\">\n\t\t\t\t<div class=\"elementor-element elementor-element-5210aec elementor-widget__width-inherit elementor-widget elementor-widget-gallery\" data-id=\"5210aec\" data-element_type=\"widget\" data-settings=\"{&quot;columns&quot;:3,&quot;gap&quot;:{&quot;unit&quot;:&quot;px&quot;,&quot;size&quot;:18,&quot;sizes&quot;:[]},&quot;lazyload&quot;:&quot;yes&quot;,&quot;gallery_layout&quot;:&quot;grid&quot;,&quot;columns_tablet&quot;:2,&quot;columns_mobile&quot;:1,&quot;gap_widescreen&quot;:{&quot;unit&quot;:&quot;px&quot;,&quot;size&quot;:&quot;&quot;,&quot;sizes&quot;:[]},&quot;gap_laptop&quot;:{&quot;unit&quot;:&quot;px&quot;,&quot;size&quot;:10,&quot;sizes&quot;:[]},&quot;gap_tablet&quot;:{&quot;unit&quot;:&quot;px&quot;,&quot;size&quot;:10,&quot;sizes&quot;:[]},&quot;gap_mobile&quot;:{&quot;unit&quot;:&quot;px&quot;,&quot;size&quot;:10,&quot;sizes&quot;:[]},&quot;link_to&quot;:&quot;file&quot;,&quot;aspect_ratio&quot;:&quot;3:2&quot;,&quot;overlay_background&quot;:&quot;yes&quot;,&quot;content_hover_animation&quot;:&quot;fade-in&quot;}\" data-widget_type=\"gallery.default\">\n\t\t\t\t<div class=\"elementor-widget-container\">\n\t\t\t\t\t\t\t<div class=\"elementor-gallery__container\">\n\t\t\t\t\t\t\t<a class=\"e-gallery-item elementor-gallery-item elementor-animated-content\" href=\"https:\/\/exportsalva.com\/wp-content\/uploads\/2021\/05\/vista-semi-parcial-exportsalva-2-1024x576-1.jpeg\" data-elementor-open-lightbox=\"yes\" data-elementor-lightbox-slideshow=\"5210aec\" data-elementor-lightbox-title=\"vista-semi-parcial-exportsalva-2-1024x576\" data-e-action-hash=\"#elementor-action%3Aaction%3Dlightbox%26settings%3DeyJpZCI6MTA5LCJ1cmwiOiJodHRwczpcL1wvZXhwb3J0c2FsdmEuY29tXC93cC1jb250ZW50XC91cGxvYWRzXC8yMDIxXC8wNVwvdmlzdGEtc2VtaS1wYXJjaWFsLWV4cG9ydHNhbHZhLTItMTAyNHg1NzYtMS5qcGVnIiwic2xpZGVzaG93IjoiNTIxMGFlYyJ9\">\n\t\t\t\t\t<div class=\"e-gallery-image elementor-gallery-item__image\" data-thumbnail=\"https:\/\/exportsalva.com\/wp-content\/uploads\/2021\/05\/vista-semi-parcial-exportsalva-2-1024x576-1.jpeg\" data-width=\"1024\" data-height=\"576\" aria-label=\"\" role=\"img\" ><\/div>\n\t\t\t\t\t\t\t\t\t\t\t<div class=\"elementor-gallery-item__overlay\"><\/div>\n\t\t\t\t\t\t\t\t\t\t\t\t\t\t<\/a>\n\t\t\t\t\t\t\t<a class=\"e-gallery-item elementor-gallery-item elementor-animated-content\" href=\"https:\/\/exportsalva.com\/wp-content\/uploads\/2021\/10\/Aduana-ESFZ-II.webp\" data-elementor-open-lightbox=\"yes\" data-elementor-lightbox-slideshow=\"5210aec\" data-elementor-lightbox-title=\"Aduana ESFZ II\" data-e-action-hash=\"#elementor-action%3Aaction%3Dlightbox%26settings%3DeyJpZCI6MTM4NSwidXJsIjoiaHR0cHM6XC9cL2V4cG9ydHNhbHZhLmNvbVwvd3AtY29udGVudFwvdXBsb2Fkc1wvMjAyMVwvMTBcL0FkdWFuYS1FU0ZaLUlJLndlYnAiLCJzbGlkZXNob3ciOiI1MjEwYWVjIn0%3D\">\n\t\t\t\t\t<div class=\"e-gallery-image elementor-gallery-item__image\" data-thumbnail=\"https:\/\/exportsalva.com\/wp-content\/uploads\/2021\/10\/Aduana-ESFZ-II.webp\" data-width=\"800\" data-height=\"600\" aria-label=\"Aduanas en ExportSalva II\" role=\"img\" ><\/div>\n\t\t\t\t\t\t\t\t\t\t\t<div class=\"elementor-gallery-item__overlay\"><\/div>\n\t\t\t\t\t\t\t\t\t\t\t\t\t\t<\/a>\n\t\t\t\t\t\t\t<a class=\"e-gallery-item elementor-gallery-item elementor-animated-content\" href=\"https:\/\/exportsalva.com\/wp-content\/uploads\/2021\/05\/vista-parcial-exportsalva-2-1024x520-1.jpeg\" data-elementor-open-lightbox=\"yes\" data-elementor-lightbox-slideshow=\"5210aec\" data-elementor-lightbox-title=\"vista-parcial-exportsalva-2-1024x520\" data-e-action-hash=\"#elementor-action%3Aaction%3Dlightbox%26settings%3DeyJpZCI6MTA3LCJ1cmwiOiJodHRwczpcL1wvZXhwb3J0c2FsdmEuY29tXC93cC1jb250ZW50XC91cGxvYWRzXC8yMDIxXC8wNVwvdmlzdGEtcGFyY2lhbC1leHBvcnRzYWx2YS0yLTEwMjR4NTIwLTEuanBlZyIsInNsaWRlc2hvdyI6IjUyMTBhZWMifQ%3D%3D\">\n\t\t\t\t\t<div class=\"e-gallery-image elementor-gallery-item__image\" data-thumbnail=\"https:\/\/exportsalva.com\/wp-content\/uploads\/2021\/05\/vista-parcial-exportsalva-2-1024x520-1.jpeg\" data-width=\"1024\" data-height=\"520\" aria-label=\"\" role=\"img\" ><\/div>\n\t\t\t\t\t\t\t\t\t\t\t<div class=\"elementor-gallery-item__overlay\"><\/div>\n\t\t\t\t\t\t\t\t\t\t\t\t\t\t<\/a>\n\t\t\t\t\t<\/div>\n\t\t\t\t\t<\/div>\n\t\t\t\t<\/div>\n\t\t\t\t<\/div>\n\t\t<div class=\"elementor-element elementor-element-9d34411 e-flex e-con-boxed e-con e-parent\" data-id=\"9d34411\" data-element_type=\"container\" data-settings=\"{&quot;background_background&quot;:&quot;classic&quot;,&quot;_ha_eqh_enable&quot;:false}\">\n\t\t\t\t\t<div class=\"e-con-inner\">\n\t\t<div class=\"elementor-element elementor-element-7fde180 e-con-full e-flex e-con e-parent\" data-id=\"7fde180\" data-element_type=\"container\" data-settings=\"{&quot;_ha_eqh_enable&quot;:false}\">\n\t\t\t\t<div class=\"elementor-element elementor-element-9c1f14f elementor-widget elementor-widget-image\" data-id=\"9c1f14f\" data-element_type=\"widget\" data-widget_type=\"image.default\">\n\t\t\t\t<div class=\"elementor-widget-container\">\n\t\t\t\t\t\t\t\t\t\t\t\t\t\t\t<img decoding=\"async\" width=\"1024\" height=\"562\" src=\"https:\/\/exportsalva.com\/wp-content\/uploads\/2021\/05\/monoperarios-montacargas-exportsalva-1024x562-1.jpeg\" class=\"attachment-full size-full wp-image-87\" alt=\"\" srcset=\"https:\/\/exportsalva.com\/wp-content\/uploads\/2021\/05\/monoperarios-montacargas-exportsalva-1024x562-1.jpeg 1024w, https:\/\/exportsalva.com\/wp-content\/uploads\/2021\/05\/monoperarios-montacargas-exportsalva-1024x562-1-300x165.jpeg 300w, https:\/\/exportsalva.com\/wp-content\/uploads\/2021\/05\/monoperarios-montacargas-exportsalva-1024x562-1-768x422.jpeg 768w\" sizes=\"(max-width: 1024px) 100vw, 1024px\" \/>\t\t\t\t\t\t\t\t\t\t\t\t\t\t\t<\/div>\n\t\t\t\t<\/div>\n\t\t\t\t<div class=\"elementor-element elementor-element-ce9ada5 elementor-widget elementor-widget-text-editor\" data-id=\"ce9ada5\" data-element_type=\"widget\" data-widget_type=\"text-editor.default\">\n\t\t\t\t<div class=\"elementor-widget-container\">\n\t\t\t\t\t\t\t\t\t<p>As in ExportSalva I, some of the business platforms that can be established are:<\/p>\t\t\t\t\t\t\t\t<\/div>\n\t\t\t\t<\/div>\n\t\t\t\t<div class=\"elementor-element elementor-element-2ed952f elementor-icon-list--layout-traditional elementor-list-item-link-full_width elementor-widget elementor-widget-icon-list\" data-id=\"2ed952f\" data-element_type=\"widget\" data-widget_type=\"icon-list.default\">\n\t\t\t\t<div class=\"elementor-widget-container\">\n\t\t\t\t\t\t\t<ul class=\"elementor-icon-list-items\">\n\t\t\t\t\t\t\t<li class=\"elementor-icon-list-item\">\n\t\t\t\t\t\t\t\t\t\t\t<span class=\"elementor-icon-list-icon\">\n\t\t\t\t\t\t\t<i aria-hidden=\"true\" class=\"fas fa-check\"><\/i>\t\t\t\t\t\t<\/span>\n\t\t\t\t\t\t\t\t\t\t<span class=\"elementor-icon-list-text\">Light Manufacturing<\/span>\n\t\t\t\t\t\t\t\t\t<\/li>\n\t\t\t\t\t\t\t\t<li class=\"elementor-icon-list-item\">\n\t\t\t\t\t\t\t\t\t\t\t<span class=\"elementor-icon-list-icon\">\n\t\t\t\t\t\t\t<i aria-hidden=\"true\" class=\"fas fa-check\"><\/i>\t\t\t\t\t\t<\/span>\n\t\t\t\t\t\t\t\t\t\t<span class=\"elementor-icon-list-text\">Logistics Operators and Regional Distribution Centers<\/span>\n\t\t\t\t\t\t\t\t\t<\/li>\n\t\t\t\t\t\t\t\t<li class=\"elementor-icon-list-item\">\n\t\t\t\t\t\t\t\t\t\t\t<span class=\"elementor-icon-list-icon\">\n\t\t\t\t\t\t\t<i aria-hidden=\"true\" class=\"fas fa-check\"><\/i>\t\t\t\t\t\t<\/span>\n\t\t\t\t\t\t\t\t\t\t<span class=\"elementor-icon-list-text\">International Trading<\/span>\n\t\t\t\t\t\t\t\t\t<\/li>\n\t\t\t\t\t\t<\/ul>\n\t\t\t\t\t\t<\/div>\n\t\t\t\t<\/div>\n\t\t\t\t<\/div>\n\t\t<div class=\"elementor-element elementor-element-1ff6a05 e-con-full e-flex e-con e-parent\" data-id=\"1ff6a05\" data-element_type=\"container\" data-settings=\"{&quot;_ha_eqh_enable&quot;:false}\">\n\t\t\t\t<div class=\"elementor-element elementor-element-7b058d7 elementor-widget elementor-widget-text-editor\" data-id=\"7b058d7\" data-element_type=\"widget\" data-widget_type=\"text-editor.default\">\n\t\t\t\t<div class=\"elementor-widget-container\">\n\t\t\t\t\t\t\t\t\t<p>ExportSalva II has all the infrastructure and basic services necessary for you to focus on the planning, installation and start-up of your business. Among them we can mention:<\/p>\t\t\t\t\t\t\t\t<\/div>\n\t\t\t\t<\/div>\n\t\t<div class=\"elementor-element elementor-element-014910c e-con-full e-flex e-con e-parent\" data-id=\"014910c\" data-element_type=\"container\" data-settings=\"{&quot;_ha_eqh_enable&quot;:false}\">\n\t\t<div class=\"elementor-element elementor-element-952049d e-con-full e-flex e-con e-parent\" data-id=\"952049d\" data-element_type=\"container\" data-settings=\"{&quot;_ha_eqh_enable&quot;:false}\">\n\t\t\t\t<div class=\"elementor-element elementor-element-6095bde elementor-position-top elementor-widget elementor-widget-image-box\" data-id=\"6095bde\" data-element_type=\"widget\" data-widget_type=\"image-box.default\">\n\t\t\t\t<div class=\"elementor-widget-container\">\n\t\t\t\t\t<div class=\"elementor-image-box-wrapper\"><figure class=\"elementor-image-box-img\"><img decoding=\"async\" width=\"600\" height=\"400\" src=\"https:\/\/exportsalva.com\/wp-content\/uploads\/2021\/06\/Wastewater-treatment-Exportsalva-2.jpg\" class=\"elementor-animation-float attachment-full size-full wp-image-827\" alt=\"Wastewater treatment Exportsalva 2\" srcset=\"https:\/\/exportsalva.com\/wp-content\/uploads\/2021\/06\/Wastewater-treatment-Exportsalva-2.jpg 600w, https:\/\/exportsalva.com\/wp-content\/uploads\/2021\/06\/Wastewater-treatment-Exportsalva-2-300x200.jpg 300w\" sizes=\"(max-width: 600px) 100vw, 600px\" \/><\/figure><div class=\"elementor-image-box-content\"><span class=\"elementor-image-box-title\">Wastewater treatment<\/span><\/div><\/div>\t\t\t\t<\/div>\n\t\t\t\t<\/div>\n\t\t\t\t<\/div>\n\t\t<div class=\"elementor-element elementor-element-3929839 e-con-full e-flex e-con e-parent\" data-id=\"3929839\" data-element_type=\"container\" data-settings=\"{&quot;_ha_eqh_enable&quot;:false}\">\n\t\t\t\t<div class=\"elementor-element elementor-element-e097a97 elementor-position-top elementor-widget elementor-widget-image-box\" data-id=\"e097a97\" data-element_type=\"widget\" data-widget_type=\"image-box.default\">\n\t\t\t\t<div class=\"elementor-widget-container\">\n\t\t\t\t\t<div class=\"elementor-image-box-wrapper\"><figure class=\"elementor-image-box-img\"><img loading=\"lazy\" decoding=\"async\" width=\"1400\" height=\"933\" src=\"https:\/\/exportsalva.com\/wp-content\/uploads\/2021\/05\/Water-supply-and-Fire-fighting-water-line.webp\" class=\"elementor-animation-float attachment-full size-full wp-image-110\" alt=\"Water supply and Fire-fighting water line\" srcset=\"https:\/\/exportsalva.com\/wp-content\/uploads\/2021\/05\/Water-supply-and-Fire-fighting-water-line.webp 1400w, https:\/\/exportsalva.com\/wp-content\/uploads\/2021\/05\/Water-supply-and-Fire-fighting-water-line-300x200.webp 300w, https:\/\/exportsalva.com\/wp-content\/uploads\/2021\/05\/Water-supply-and-Fire-fighting-water-line-1024x682.webp 1024w, https:\/\/exportsalva.com\/wp-content\/uploads\/2021\/05\/Water-supply-and-Fire-fighting-water-line-768x512.webp 768w\" sizes=\"(max-width: 1400px) 100vw, 1400px\" \/><\/figure><div class=\"elementor-image-box-content\"><span class=\"elementor-image-box-title\">Water supply and fire water protection<\/span><\/div><\/div>\t\t\t\t<\/div>\n\t\t\t\t<\/div>\n\t\t\t\t<\/div>\n\t\t\t\t<\/div>\n\t\t<div class=\"elementor-element elementor-element-9a88068 e-con-full e-flex e-con e-parent\" data-id=\"9a88068\" data-element_type=\"container\" data-settings=\"{&quot;_ha_eqh_enable&quot;:false}\">\n\t\t<div class=\"elementor-element elementor-element-7aaa1e0 e-con-full e-flex e-con e-parent\" data-id=\"7aaa1e0\" data-element_type=\"container\" data-settings=\"{&quot;_ha_eqh_enable&quot;:false}\">\n\t\t\t\t<div class=\"elementor-element elementor-element-7c4c453 elementor-position-top elementor-widget elementor-widget-image-box\" data-id=\"7c4c453\" data-element_type=\"widget\" data-widget_type=\"image-box.default\">\n\t\t\t\t<div class=\"elementor-widget-container\">\n\t\t\t\t\t<div class=\"elementor-image-box-wrapper\"><figure class=\"elementor-image-box-img\"><img loading=\"lazy\" decoding=\"async\" width=\"600\" height=\"400\" src=\"https:\/\/exportsalva.com\/wp-content\/uploads\/2021\/06\/24-7-vigilancia-export-salva-2.jpg\" class=\"elementor-animation-float attachment-full size-full wp-image-823\" alt=\"24\/7 Perimeter surveillance and access control service (CCTV)\" srcset=\"https:\/\/exportsalva.com\/wp-content\/uploads\/2021\/06\/24-7-vigilancia-export-salva-2.jpg 600w, https:\/\/exportsalva.com\/wp-content\/uploads\/2021\/06\/24-7-vigilancia-export-salva-2-300x200.jpg 300w\" sizes=\"(max-width: 600px) 100vw, 600px\" \/><\/figure><div class=\"elementor-image-box-content\"><span class=\"elementor-image-box-title\">Perimeter surveillance service and access control (CCTV) 24\/7<\/span><\/div><\/div>\t\t\t\t<\/div>\n\t\t\t\t<\/div>\n\t\t\t\t<\/div>\n\t\t<div class=\"elementor-element elementor-element-789fe4f e-con-full e-flex e-con e-parent\" data-id=\"789fe4f\" data-element_type=\"container\" data-settings=\"{&quot;_ha_eqh_enable&quot;:false}\">\n\t\t\t\t<div class=\"elementor-element elementor-element-654f62c elementor-position-top elementor-widget elementor-widget-image-box\" data-id=\"654f62c\" data-element_type=\"widget\" data-widget_type=\"image-box.default\">\n\t\t\t\t<div class=\"elementor-widget-container\">\n\t\t\t\t\t<div class=\"elementor-image-box-wrapper\"><figure class=\"elementor-image-box-img\"><img loading=\"lazy\" decoding=\"async\" width=\"1200\" height=\"800\" src=\"https:\/\/exportsalva.com\/wp-content\/uploads\/2021\/06\/Waste-Collection-and-final-disposal-exportsalva-2-.jpg\" class=\"elementor-animation-float attachment-full size-full wp-image-821\" alt=\"Waste collection and final disposal\" srcset=\"https:\/\/exportsalva.com\/wp-content\/uploads\/2021\/06\/Waste-Collection-and-final-disposal-exportsalva-2-.jpg 1200w, https:\/\/exportsalva.com\/wp-content\/uploads\/2021\/06\/Waste-Collection-and-final-disposal-exportsalva-2--300x200.jpg 300w, https:\/\/exportsalva.com\/wp-content\/uploads\/2021\/06\/Waste-Collection-and-final-disposal-exportsalva-2--1024x683.jpg 1024w, https:\/\/exportsalva.com\/wp-content\/uploads\/2021\/06\/Waste-Collection-and-final-disposal-exportsalva-2--768x512.jpg 768w\" sizes=\"(max-width: 1200px) 100vw, 1200px\" \/><\/figure><div class=\"elementor-image-box-content\"><span class=\"elementor-image-box-title\">Waste collection and disposal<\/span><\/div><\/div>\t\t\t\t<\/div>\n\t\t\t\t<\/div>\n\t\t\t\t<\/div>\n\t\t\t\t<\/div>\n\t\t<div class=\"elementor-element elementor-element-61e8eaf e-con-full e-flex e-con e-parent\" data-id=\"61e8eaf\" data-element_type=\"container\" data-settings=\"{&quot;_ha_eqh_enable&quot;:false}\">\n\t\t<div class=\"elementor-element elementor-element-2eb5a85 e-con-full e-flex e-con e-parent\" data-id=\"2eb5a85\" data-element_type=\"container\" data-settings=\"{&quot;_ha_eqh_enable&quot;:false}\">\n\t\t\t\t<div class=\"elementor-element elementor-element-6ee8924 elementor-position-top elementor-widget elementor-widget-image-box\" data-id=\"6ee8924\" data-element_type=\"widget\" data-widget_type=\"image-box.default\">\n\t\t\t\t<div class=\"elementor-widget-container\">\n\t\t\t\t\t<div class=\"elementor-image-box-wrapper\"><figure class=\"elementor-image-box-img\"><img loading=\"lazy\" decoding=\"async\" width=\"600\" height=\"400\" src=\"https:\/\/exportsalva.com\/wp-content\/uploads\/2021\/06\/Maintenance-of-gardens-and-building-exteriors-exportsalva2.jpg\" class=\"elementor-animation-float attachment-full size-full wp-image-831\" alt=\"Maintenance of gardens and building exteriors exportsalva2\" srcset=\"https:\/\/exportsalva.com\/wp-content\/uploads\/2021\/06\/Maintenance-of-gardens-and-building-exteriors-exportsalva2.jpg 600w, https:\/\/exportsalva.com\/wp-content\/uploads\/2021\/06\/Maintenance-of-gardens-and-building-exteriors-exportsalva2-300x200.jpg 300w\" sizes=\"(max-width: 600px) 100vw, 600px\" \/><\/figure><div class=\"elementor-image-box-content\"><span class=\"elementor-image-box-title\">Maintenance of gardens and the exteriors of the buildings.<\/span><\/div><\/div>\t\t\t\t<\/div>\n\t\t\t\t<\/div>\n\t\t\t\t<\/div>\n\t\t<div class=\"elementor-element elementor-element-8d3d559 e-con-full e-flex e-con e-parent\" data-id=\"8d3d559\" data-element_type=\"container\" data-settings=\"{&quot;_ha_eqh_enable&quot;:false}\">\n\t\t\t\t<div class=\"elementor-element elementor-element-cccfe05 elementor-position-top elementor-widget elementor-widget-image-box\" data-id=\"cccfe05\" data-element_type=\"widget\" data-widget_type=\"image-box.default\">\n\t\t\t\t<div class=\"elementor-widget-container\">\n\t\t\t\t\t<div class=\"elementor-image-box-wrapper\"><figure class=\"elementor-image-box-img\"><img loading=\"lazy\" decoding=\"async\" width=\"600\" height=\"400\" src=\"https:\/\/exportsalva.com\/wp-content\/uploads\/2021\/06\/Recreational-area-exportsalva2.jpg\" class=\"elementor-animation-float attachment-full size-full wp-image-835\" alt=\"Recreational area exportsalva2\" srcset=\"https:\/\/exportsalva.com\/wp-content\/uploads\/2021\/06\/Recreational-area-exportsalva2.jpg 600w, https:\/\/exportsalva.com\/wp-content\/uploads\/2021\/06\/Recreational-area-exportsalva2-300x200.jpg 300w\" sizes=\"(max-width: 600px) 100vw, 600px\" \/><\/figure><div class=\"elementor-image-box-content\"><span class=\"elementor-image-box-title\">Recreational area<\/span><\/div><\/div>\t\t\t\t<\/div>\n\t\t\t\t<\/div>\n\t\t\t\t<\/div>\n\t\t\t\t<\/div>\n\t\t\t\t<\/div>\n\t\t\t\t\t<\/div>\n\t\t\t\t<\/div>\n\t\t\t\t<\/div>","protected":false},"excerpt":{"rendered":"<p>ExportSalva II Hemos continuado con nuestro desarrollo y ahora contamos con una nueva etapa para albergar a mas empresas interesadas en iniciar operaciones en El Salvador. ExportSalva II tambien opera bajo la ley de Zonas Francas y de Comercializaci\u00f3n; as\u00ed como la Ley de Servicios Internacionales de El Salvador ExportSalva Free Zone sigue creciendo. Despu\u00e9s [&hellip;]<\/p>\n","protected":false},"author":1,"featured_media":0,"parent":0,"menu_order":0,"comment_status":"closed","ping_status":"closed","template":"","meta":{"footnotes":""},"blocksy_meta":{"styles_descriptor":{"styles":{"desktop":"","tablet":"","mobile":""},"google_fonts":[],"version":5}},"_links":{"self":[{"href":"https:\/\/exportsalva.com\/en\/wp-json\/wp\/v2\/pages\/1483"}],"collection":[{"href":"https:\/\/exportsalva.com\/en\/wp-json\/wp\/v2\/pages"}],"about":[{"href":"https:\/\/exportsalva.com\/en\/wp-json\/wp\/v2\/types\/page"}],"author":[{"embeddable":true,"href":"https:\/\/exportsalva.com\/en\/wp-json\/wp\/v2\/users\/1"}],"replies":[{"embeddable":true,"href":"https:\/\/exportsalva.com\/en\/wp-json\/wp\/v2\/comments?post=1483"}],"version-history":[{"count":70,"href":"https:\/\/exportsalva.com\/en\/wp-json\/wp\/v2\/pages\/1483\/revisions"}],"predecessor-version":[{"id":2437,"href":"https:\/\/exportsalva.com\/en\/wp-json\/wp\/v2\/pages\/1483\/revisions\/2437"}],"wp:attachment":[{"href":"https:\/\/exportsalva.com\/en\/wp-json\/wp\/v2\/media?parent=1483"}],"curies":[{"name":"wp","href":"https:\/\/api.w.org\/{rel}","templated":true}]}}