{"id":2371,"date":"2022-07-22T14:07:42","date_gmt":"2022-07-22T20:07:42","guid":{"rendered":"https:\/\/wordpress-460556-1928604.cloudwaysapps.com\/?page_id=2371"},"modified":"2022-07-25T18:49:47","modified_gmt":"2022-07-26T00:49:47","slug":"ubicacion","status":"publish","type":"page","link":"https:\/\/exportsalva.com\/en\/por-que-el-salvador\/ubicacion\/","title":{"rendered":"Location"},"content":{"rendered":"<div data-elementor-type=\"wp-page\" data-elementor-id=\"2371\" class=\"elementor elementor-2371\" data-elementor-settings=\"{&quot;ha_cmc_init_switcher&quot;:&quot;no&quot;}\" data-elementor-post-type=\"page\">\n\t\t\t\t<div class=\"elementor-element elementor-element-fbe9fa1 e-flex e-con-boxed e-con e-parent\" data-id=\"fbe9fa1\" data-element_type=\"container\" data-settings=\"{&quot;background_background&quot;:&quot;gradient&quot;,&quot;_ha_eqh_enable&quot;:false}\">\n\t\t\t\t\t<div class=\"e-con-inner\">\n\t\t\t\t\t<\/div>\n\t\t\t\t<\/div>\n\t\t<div class=\"elementor-element elementor-element-22d500c e-flex e-con-boxed e-con e-parent\" data-id=\"22d500c\" data-element_type=\"container\" id=\"location\" data-settings=\"{&quot;_ha_eqh_enable&quot;:false}\">\n\t\t\t\t\t<div class=\"e-con-inner\">\n\t\t<div class=\"elementor-element elementor-element-8a62cab e-con-full e-flex e-con e-parent\" data-id=\"8a62cab\" data-element_type=\"container\" data-settings=\"{&quot;_ha_eqh_enable&quot;:false}\">\n\t\t\t\t<div class=\"elementor-element elementor-element-417edf6 elementor-widget elementor-widget-image\" data-id=\"417edf6\" data-element_type=\"widget\" data-widget_type=\"image.default\">\n\t\t\t\t<div class=\"elementor-widget-container\">\n\t\t\t\t\t\t\t\t\t\t\t\t\t\t\t<img fetchpriority=\"high\" decoding=\"async\" width=\"2000\" height=\"1499\" src=\"https:\/\/exportsalva.com\/wp-content\/uploads\/2022\/07\/ubicacion-exportsalva-en-america.webp\" class=\"attachment-full size-full wp-image-2439\" alt=\"Ubicaci\u00f3n de Exportsalva en Am\u00e9rica\" srcset=\"https:\/\/exportsalva.com\/wp-content\/uploads\/2022\/07\/ubicacion-exportsalva-en-america.webp 2000w, https:\/\/exportsalva.com\/wp-content\/uploads\/2022\/07\/ubicacion-exportsalva-en-america-300x225.webp 300w, https:\/\/exportsalva.com\/wp-content\/uploads\/2022\/07\/ubicacion-exportsalva-en-america-1024x767.webp 1024w, https:\/\/exportsalva.com\/wp-content\/uploads\/2022\/07\/ubicacion-exportsalva-en-america-768x576.webp 768w, https:\/\/exportsalva.com\/wp-content\/uploads\/2022\/07\/ubicacion-exportsalva-en-america-1536x1151.webp 1536w, https:\/\/exportsalva.com\/wp-content\/uploads\/2022\/07\/ubicacion-exportsalva-en-america-16x12.webp 16w\" sizes=\"(max-width: 2000px) 100vw, 2000px\" \/>\t\t\t\t\t\t\t\t\t\t\t\t\t\t\t<\/div>\n\t\t\t\t<\/div>\n\t\t<div class=\"elementor-element elementor-element-2b6a4ff e-flex e-con-boxed e-con e-parent\" data-id=\"2b6a4ff\" data-element_type=\"container\" data-settings=\"{&quot;_ha_eqh_enable&quot;:false}\">\n\t\t\t\t\t<div class=\"e-con-inner\">\n\t\t\t\t<div class=\"elementor-element elementor-element-8bed340 elementor-widget elementor-widget-text-editor\" data-id=\"8bed340\" data-element_type=\"widget\" data-widget_type=\"text-editor.default\">\n\t\t\t\t<div class=\"elementor-widget-container\">\n\t\t\t\t\t\t\t\t\t<p>Beyond being strategically located in the heart of the Americas (between North and South America), in the Central American region, El Salvador provides a unique opportunity for near-shoring with one of the world's greatest markets: the United States.<\/p><p>We are only a 2 1\/2 hour flight from Miami and 5 hours from New York City. We also share the same time zone as Central Standard Time (CST). El Salvador is also part of the bioceanic corridor linking Europe to Asia.<\/p>\t\t\t\t\t\t\t\t<\/div>\n\t\t\t\t<\/div>\n\t\t\t\t\t<\/div>\n\t\t\t\t<\/div>\n\t\t\t\t<\/div>\n\t\t\t\t\t<\/div>\n\t\t\t\t<\/div>\n\t\t\t\t<\/div>","protected":false},"excerpt":{"rendered":"<p>Gracias a su ubicaci\u00f3n estrat\u00e9gica en el coraz\u00f3n de las Am\u00e9ricas (entre Am\u00e9rica del Norte y del Sur), en la regi\u00f3n Centroamericana, El Salvador permite una oportunidad \u00fanica para el \u201cnear-shoring\u201d con uno de los principales mercados del mundo: los Estados Unidos. Estamos a s\u00f3lo 2 1\/2 horas de vuelo de Miami y 5 horas [&hellip;]<\/p>\n","protected":false},"author":1,"featured_media":0,"parent":1511,"menu_order":0,"comment_status":"closed","ping_status":"closed","template":"","meta":{"footnotes":""},"blocksy_meta":{"styles_descriptor":{"styles":{"desktop":"","tablet":"","mobile":""},"google_fonts":[],"version":5}},"_links":{"self":[{"href":"https:\/\/exportsalva.com\/en\/wp-json\/wp\/v2\/pages\/2371"}],"collection":[{"href":"https:\/\/exportsalva.com\/en\/wp-json\/wp\/v2\/pages"}],"about":[{"href":"https:\/\/exportsalva.com\/en\/wp-json\/wp\/v2\/types\/page"}],"author":[{"embeddable":true,"href":"https:\/\/exportsalva.com\/en\/wp-json\/wp\/v2\/users\/1"}],"replies":[{"embeddable":true,"href":"https:\/\/exportsalva.com\/en\/wp-json\/wp\/v2\/comments?post=2371"}],"version-history":[{"count":10,"href":"https:\/\/exportsalva.com\/en\/wp-json\/wp\/v2\/pages\/2371\/revisions"}],"predecessor-version":[{"id":2445,"href":"https:\/\/exportsalva.com\/en\/wp-json\/wp\/v2\/pages\/2371\/revisions\/2445"}],"up":[{"embeddable":true,"href":"https:\/\/exportsalva.com\/en\/wp-json\/wp\/v2\/pages\/1511"}],"wp:attachment":[{"href":"https:\/\/exportsalva.com\/en\/wp-json\/wp\/v2\/media?parent=2371"}],"curies":[{"name":"wp","href":"https:\/\/api.w.org\/{rel}","templated":true}]}}