{"id":2375,"date":"2022-07-22T14:09:06","date_gmt":"2022-07-22T20:09:06","guid":{"rendered":"https:\/\/wordpress-460556-1928604.cloudwaysapps.com\/?page_id=2375"},"modified":"2022-07-22T14:17:20","modified_gmt":"2022-07-22T20:17:20","slug":"estabilidad-economica","status":"publish","type":"page","link":"https:\/\/exportsalva.com\/en\/por-que-el-salvador\/estabilidad-economica\/","title":{"rendered":"Economic Stability"},"content":{"rendered":"\t\t<div data-elementor-type=\"wp-page\" data-elementor-id=\"2375\" class=\"elementor elementor-2375\" data-elementor-settings=\"{&quot;ha_cmc_init_switcher&quot;:&quot;no&quot;}\" data-elementor-post-type=\"page\">\n\t\t\t\t<div class=\"elementor-element elementor-element-fbe9fa1 e-flex e-con-boxed e-con e-parent\" data-id=\"fbe9fa1\" data-element_type=\"container\" data-settings=\"{&quot;background_background&quot;:&quot;gradient&quot;,&quot;_ha_eqh_enable&quot;:false}\">\n\t\t\t\t\t<div class=\"e-con-inner\">\n\t\t\t\t\t<\/div>\n\t\t\t\t<\/div>\n\t\t<div class=\"elementor-element elementor-element-19fe0a1 e-flex e-con-boxed e-con e-parent\" data-id=\"19fe0a1\" data-element_type=\"container\" id=\"economic\" data-settings=\"{&quot;background_background&quot;:&quot;classic&quot;,&quot;_ha_eqh_enable&quot;:false}\">\n\t\t\t\t\t<div class=\"e-con-inner\">\n\t\t<div class=\"elementor-element elementor-element-c4b4f53 e-con-full e-flex e-con e-parent\" data-id=\"c4b4f53\" data-element_type=\"container\" data-settings=\"{&quot;_ha_eqh_enable&quot;:false}\">\n\t\t<div class=\"elementor-element elementor-element-9785149 e-con-full e-flex e-con e-parent\" data-id=\"9785149\" data-element_type=\"container\" data-settings=\"{&quot;_ha_eqh_enable&quot;:false}\">\n\t\t<div class=\"elementor-element elementor-element-c7f8c72 e-con-full e-flex elementor-invisible e-con e-parent\" data-id=\"c7f8c72\" data-element_type=\"container\" data-settings=\"{&quot;animation&quot;:&quot;fadeIn&quot;,&quot;_ha_eqh_enable&quot;:false}\">\n\t\t\t\t<div class=\"elementor-element elementor-element-91d8058 elementor-widget elementor-widget-text-editor\" data-id=\"91d8058\" data-element_type=\"widget\" data-widget_type=\"text-editor.default\">\n\t\t\t\t<div class=\"elementor-widget-container\">\n\t\t\t\t\t\t\t\t\t<p>El Salvador adopt\u00f3 el d\u00f3lar estadounidense como moneda de curso legal en 2001, fue una pol\u00edtica importante implementada para abrir la econom\u00eda del pa\u00eds al comercio y la inversi\u00f3n mundial.<\/p><p>El Salvador tambi\u00e9n ha alcanzado tasas de inflaci\u00f3n de un solo d\u00edgito durante m\u00e1s de diez a\u00f1os, manteni\u00e9ndose por debajo del promedio de los pa\u00edses latinoamericanos.<\/p>\t\t\t\t\t\t\t\t<\/div>\n\t\t\t\t<\/div>\n\t\t\t\t<\/div>\n\t\t<div class=\"elementor-element elementor-element-9c36bf9 e-con-full e-flex elementor-invisible e-con e-parent\" data-id=\"9c36bf9\" data-element_type=\"container\" data-settings=\"{&quot;animation&quot;:&quot;fadeIn&quot;,&quot;animation_delay&quot;:600,&quot;_ha_eqh_enable&quot;:false}\">\n\t\t\t\t<div class=\"elementor-element elementor-element-6cfcf2c elementor-widget elementor-widget-ha-line-chart happy-addon ha-line-chart happy-addon-pro\" data-id=\"6cfcf2c\" data-element_type=\"widget\" data-settings=\"{&quot;chart_animation_duration&quot;:1000}\" data-widget_type=\"ha-line-chart.default\">\n\t\t\t\t<div class=\"elementor-widget-container\">\n\t\t\t\t\t\t\t<div class=\"ha-line-chart-container\" data-settings=\"{&quot;type&quot;:&quot;line&quot;,&quot;data&quot;:{&quot;labels&quot;:[&quot;2015&quot;,&quot; 2016&quot;,&quot; 2017&quot;,&quot; 2018&quot;,&quot; 2019&quot;,&quot; 2020&quot;,&quot; 2021&quot;],&quot;datasets&quot;:[{&quot;label&quot;:&quot;El Salvador&quot;,&quot;data&quot;:[&quot;65.7&quot;,&quot;65.1&quot;,&quot;64.1&quot;,&quot;63.2&quot;,&quot;61.8&quot;,&quot;61.6&quot;,&quot;61&quot;],&quot;border_color&quot;:&quot;#0052E3&quot;,&quot;point_color&quot;:&quot;#2E93DC&quot;,&quot;background_color&quot;:null,&quot;_id&quot;:&quot;30366b4&quot;,&quot;dash_border&quot;:&quot;0&quot;,&quot;background_fill&quot;:&quot;&quot;,&quot;backgroundColor&quot;:&quot;#602EDC91&quot;,&quot;borderDash&quot;:[],&quot;borderColor&quot;:&quot;#0052E3&quot;,&quot;borderWidth&quot;:0,&quot;pointStyle&quot;:&quot;circle&quot;,&quot;pointBorderColor&quot;:&quot;#2E93DC&quot;,&quot;pointBorderWidth&quot;:&quot;3&quot;,&quot;lineTension&quot;:&quot;.5&quot;,&quot;fill&quot;:false},{&quot;label&quot;:&quot;Costa Rica&quot;,&quot;data&quot;:[&quot;67.2&quot;,&quot;67.4&quot;,&quot;65&quot;,&quot;65.6&quot;,&quot;65.3&quot;,&quot;65.8&quot;,&quot;64.2&quot;],&quot;border_color&quot;:&quot;#D20060&quot;,&quot;point_color&quot;:&quot;#5A37CF&quot;,&quot;dash_border&quot;:&quot;3&quot;,&quot;background_color&quot;:null,&quot;_id&quot;:&quot;e1119d0&quot;,&quot;background_fill&quot;:&quot;&quot;,&quot;backgroundColor&quot;:&quot;#602EDC91&quot;,&quot;borderDash&quot;:[&quot;3&quot;],&quot;borderColor&quot;:&quot;#D20060&quot;,&quot;borderWidth&quot;:0,&quot;pointStyle&quot;:&quot;circle&quot;,&quot;pointBorderColor&quot;:&quot;#5A37CF&quot;,&quot;pointBorderWidth&quot;:&quot;3&quot;,&quot;lineTension&quot;:&quot;.5&quot;,&quot;fill&quot;:false},{&quot;label&quot;:&quot;Guatemala&quot;,&quot;data&quot;:[&quot;60.4&quot;,&quot;61.8&quot;,&quot;63&quot;,&quot;63.4&quot;,&quot;62.6&quot;,&quot;64&quot;,&quot;64&quot;],&quot;border_color&quot;:&quot;#A68FF2&quot;,&quot;point_color&quot;:&quot;#5A37CF&quot;,&quot;dash_border&quot;:&quot;3&quot;,&quot;background_color&quot;:null,&quot;background_fill&quot;:&quot;&quot;,&quot;_id&quot;:&quot;0ddef23&quot;,&quot;backgroundColor&quot;:&quot;#602EDC91&quot;,&quot;borderDash&quot;:[&quot;3&quot;],&quot;borderColor&quot;:&quot;#A68FF2&quot;,&quot;borderWidth&quot;:0,&quot;pointStyle&quot;:&quot;circle&quot;,&quot;pointBorderColor&quot;:&quot;#5A37CF&quot;,&quot;pointBorderWidth&quot;:&quot;3&quot;,&quot;lineTension&quot;:&quot;.5&quot;,&quot;fill&quot;:false},{&quot;label&quot;:&quot;Honduras&quot;,&quot;data&quot;:[&quot;57.4&quot;,&quot;57.7&quot;,&quot;58.8&quot;,&quot;60.6&quot;,&quot;60.2&quot;,&quot;61.1&quot;,&quot;59.8&quot;],&quot;border_color&quot;:&quot;#4E3C89&quot;,&quot;point_color&quot;:&quot;#5A37CF&quot;,&quot;dash_border&quot;:&quot;3&quot;,&quot;background_color&quot;:null,&quot;background_fill&quot;:&quot;&quot;,&quot;_id&quot;:&quot;9d79797&quot;,&quot;backgroundColor&quot;:&quot;#602EDC91&quot;,&quot;borderDash&quot;:[&quot;3&quot;],&quot;borderColor&quot;:&quot;#4E3C89&quot;,&quot;borderWidth&quot;:0,&quot;pointStyle&quot;:&quot;circle&quot;,&quot;pointBorderColor&quot;:&quot;#5A37CF&quot;,&quot;pointBorderWidth&quot;:&quot;3&quot;,&quot;lineTension&quot;:&quot;.5&quot;,&quot;fill&quot;:false},{&quot;label&quot;:&quot;Nicaragua&quot;,&quot;data&quot;:[&quot;57.6&quot;,&quot;58.6&quot;,&quot;59.2&quot;,&quot;58.9&quot;,&quot;57.7&quot;,&quot;57.7&quot;,&quot;56.3&quot;],&quot;border_color&quot;:&quot;#588C17&quot;,&quot;point_color&quot;:&quot;#5A37CF&quot;,&quot;dash_border&quot;:&quot;3&quot;,&quot;background_color&quot;:null,&quot;background_fill&quot;:&quot;&quot;,&quot;_id&quot;:&quot;111ec10&quot;,&quot;backgroundColor&quot;:&quot;#602EDC91&quot;,&quot;borderDash&quot;:[&quot;3&quot;],&quot;borderColor&quot;:&quot;#588C17&quot;,&quot;borderWidth&quot;:0,&quot;pointStyle&quot;:&quot;circle&quot;,&quot;pointBorderColor&quot;:&quot;#5A37CF&quot;,&quot;pointBorderWidth&quot;:&quot;3&quot;,&quot;lineTension&quot;:&quot;.5&quot;,&quot;fill&quot;:false}]},&quot;options&quot;:{&quot;title&quot;:{&quot;display&quot;:false,&quot;text&quot;:null,&quot;fontFamily&quot;:&quot;auto&quot;,&quot;fontSize&quot;:18,&quot;fontStyle&quot;:&quot; &quot;,&quot;fontColor&quot;:&quot;#222&quot;},&quot;tooltips&quot;:{&quot;enabled&quot;:true,&quot;backgroundColor&quot;:&quot;rgba(0, 0, 0, .7)&quot;,&quot;borderWidth&quot;:0,&quot;borderColor&quot;:&quot;&quot;,&quot;titleFontFamily&quot;:&quot;auto&quot;,&quot;titleFontSize&quot;:12,&quot;titleFontStyle&quot;:&quot; &quot;,&quot;titleFontColor&quot;:&quot;#fff&quot;,&quot;bodyFontFamily&quot;:&quot;auto&quot;,&quot;bodyFontSize&quot;:11,&quot;bodyFontStyle&quot;:&quot; &quot;,&quot;bodyFontColor&quot;:&quot;#f7f7f7&quot;,&quot;cornerRadius&quot;:6,&quot;xPadding&quot;:6,&quot;yPadding&quot;:6,&quot;caretSize&quot;:5,&quot;mode&quot;:&quot;nearest&quot;},&quot;legend&quot;:{&quot;display&quot;:true,&quot;position&quot;:&quot;top&quot;,&quot;reverse&quot;:false,&quot;labels&quot;:{&quot;boxWidth&quot;:26,&quot;fontFamily&quot;:&quot;auto&quot;,&quot;fontSize&quot;:12,&quot;fontStyle&quot;:&quot; &quot;,&quot;fontColor&quot;:&quot;#222&quot;}},&quot;animation&quot;:{&quot;easing&quot;:&quot;linear&quot;,&quot;duration&quot;:1000},&quot;layout&quot;:{&quot;padding&quot;:{&quot;top&quot;:&quot;&quot;,&quot;right&quot;:&quot;&quot;,&quot;bottom&quot;:&quot;&quot;,&quot;left&quot;:&quot;&quot;}},&quot;maintainAspectRatio&quot;:false,&quot;scales&quot;:{&quot;xAxes&quot;:[{&quot;ticks&quot;:{&quot;display&quot;:true,&quot;beginAtZero&quot;:true,&quot;max&quot;:100,&quot;stepSize&quot;:5,&quot;fontFamily&quot;:&quot;auto&quot;,&quot;fontSize&quot;:12,&quot;fontStyle&quot;:&quot; &quot;,&quot;fontColor&quot;:&quot;#222&quot;,&quot;padding&quot;:10},&quot;gridLines&quot;:{&quot;drawBorder&quot;:false,&quot;color&quot;:&quot;#eeeeee&quot;}}],&quot;yAxes&quot;:[{&quot;ticks&quot;:{&quot;display&quot;:true,&quot;beginAtZero&quot;:true,&quot;max&quot;:100,&quot;stepSize&quot;:5,&quot;fontFamily&quot;:&quot;auto&quot;,&quot;fontSize&quot;:12,&quot;fontStyle&quot;:&quot; &quot;,&quot;fontColor&quot;:&quot;#222&quot;,&quot;padding&quot;:10},&quot;gridLines&quot;:{&quot;drawBorder&quot;:false,&quot;color&quot;:&quot;#eeeeee&quot;}}]}}}\">\n\n\t\t\t<canvas id=\"ha-line-chart\" role=\"img\"><\/canvas>\n\n\t\t<\/div>\n\n\t\t\t\t\t<\/div>\n\t\t\t\t<\/div>\n\t\t\t\t<\/div>\n\t\t\t\t<\/div>\n\t\t\t\t<div class=\"elementor-element elementor-element-4abe797 elementor-widget elementor-widget-text-editor\" data-id=\"4abe797\" data-element_type=\"widget\" data-widget_type=\"text-editor.default\">\n\t\t\t\t<div class=\"elementor-widget-container\">\n\t\t\t\t\t\t\t\t\t<p>Fuente: \u00cdndice de Libertad Econ\u00f3mica 2021<\/p>\t\t\t\t\t\t\t\t<\/div>\n\t\t\t\t<\/div>\n\t\t\t\t<\/div>\n\t\t\t\t\t<\/div>\n\t\t\t\t<\/div>\n\t\t\t\t<\/div>\n\t\t","protected":false},"excerpt":{"rendered":"<p>El Salvador adopt\u00f3 el d\u00f3lar estadounidense como moneda de curso legal en 2001, fue una pol\u00edtica importante implementada para abrir la econom\u00eda del pa\u00eds al comercio y la inversi\u00f3n mundial. El Salvador tambi\u00e9n ha alcanzado tasas de inflaci\u00f3n de un solo d\u00edgito durante m\u00e1s de diez a\u00f1os, manteni\u00e9ndose por debajo del promedio de los pa\u00edses [&hellip;]<\/p>\n","protected":false},"author":1,"featured_media":0,"parent":1511,"menu_order":2,"comment_status":"closed","ping_status":"closed","template":"","meta":{"footnotes":""},"blocksy_meta":{"styles_descriptor":{"styles":{"desktop":"","tablet":"","mobile":""},"google_fonts":[],"version":5}},"_links":{"self":[{"href":"https:\/\/exportsalva.com\/en\/wp-json\/wp\/v2\/pages\/2375"}],"collection":[{"href":"https:\/\/exportsalva.com\/en\/wp-json\/wp\/v2\/pages"}],"about":[{"href":"https:\/\/exportsalva.com\/en\/wp-json\/wp\/v2\/types\/page"}],"author":[{"embeddable":true,"href":"https:\/\/exportsalva.com\/en\/wp-json\/wp\/v2\/users\/1"}],"replies":[{"embeddable":true,"href":"https:\/\/exportsalva.com\/en\/wp-json\/wp\/v2\/comments?post=2375"}],"version-history":[{"count":4,"href":"https:\/\/exportsalva.com\/en\/wp-json\/wp\/v2\/pages\/2375\/revisions"}],"predecessor-version":[{"id":2395,"href":"https:\/\/exportsalva.com\/en\/wp-json\/wp\/v2\/pages\/2375\/revisions\/2395"}],"up":[{"embeddable":true,"href":"https:\/\/exportsalva.com\/en\/wp-json\/wp\/v2\/pages\/1511"}],"wp:attachment":[{"href":"https:\/\/exportsalva.com\/en\/wp-json\/wp\/v2\/media?parent=2375"}],"curies":[{"name":"wp","href":"https:\/\/api.w.org\/{rel}","templated":true}]}}