{"id":2381,"date":"2022-07-22T14:11:56","date_gmt":"2022-07-22T20:11:56","guid":{"rendered":"https:\/\/wordpress-460556-1928604.cloudwaysapps.com\/?page_id=2381"},"modified":"2022-07-22T14:22:33","modified_gmt":"2022-07-22T20:22:33","slug":"electricidad","status":"publish","type":"page","link":"https:\/\/exportsalva.com\/en\/por-que-el-salvador\/electricidad\/","title":{"rendered":"Electricity"},"content":{"rendered":"\t\t<div data-elementor-type=\"wp-page\" data-elementor-id=\"2381\" class=\"elementor elementor-2381\" data-elementor-settings=\"{&quot;ha_cmc_init_switcher&quot;:&quot;no&quot;}\" data-elementor-post-type=\"page\">\n\t\t\t\t<div class=\"elementor-element elementor-element-fbe9fa1 e-flex e-con-boxed e-con e-parent\" data-id=\"fbe9fa1\" data-element_type=\"container\" data-settings=\"{&quot;background_background&quot;:&quot;gradient&quot;,&quot;_ha_eqh_enable&quot;:false}\">\n\t\t\t\t\t<div class=\"e-con-inner\">\n\t\t\t\t\t<\/div>\n\t\t\t\t<\/div>\n\t\t<div class=\"elementor-element elementor-element-a06fa9a e-flex e-con-boxed e-con e-parent\" data-id=\"a06fa9a\" data-element_type=\"container\" id=\"electricity\" data-settings=\"{&quot;background_background&quot;:&quot;classic&quot;,&quot;_ha_eqh_enable&quot;:false}\">\n\t\t\t\t\t<div class=\"e-con-inner\">\n\t\t<div class=\"elementor-element elementor-element-5949828 e-con-full e-flex elementor-invisible e-con e-parent\" data-id=\"5949828\" data-element_type=\"container\" data-settings=\"{&quot;animation&quot;:&quot;fadeIn&quot;,&quot;_ha_eqh_enable&quot;:false}\">\n\t\t\t\t<div class=\"elementor-element elementor-element-c9789a6 elementor-widget elementor-widget-ha-bar-chart happy-addon ha-bar-chart\" data-id=\"c9789a6\" data-element_type=\"widget\" data-settings=\"{&quot;chart_animation_duration&quot;:500}\" data-widget_type=\"ha-bar-chart.default\">\n\t\t\t\t<div class=\"elementor-widget-container\">\n\t\t\t\t\t\t\t<div class=\"ha-bar-chart-container\" data-settings=\"{&quot;type&quot;:&quot;bar&quot;,&quot;data&quot;:{&quot;labels&quot;:[&quot;El Salvador&quot;,&quot; Costa Rica&quot;,&quot; Guatemala&quot;],&quot;datasets&quot;:[{&quot;label&quot;:&quot;Eletrctricity&quot;,&quot;data&quot;:[&quot;164&quot;,&quot;156&quot;,&quot;254&quot;],&quot;border_hover_color&quot;:&quot;#FFFFFF&quot;,&quot;_id&quot;:&quot;1b91052&quot;,&quot;__globals__&quot;:{&quot;background_color&quot;:&quot;&quot;,&quot;background_hover_color&quot;:&quot;globals\\\/colors?id=kadence2&quot;,&quot;border_color&quot;:&quot;&quot;},&quot;background_color&quot;:&quot;#426da9&quot;,&quot;background_hover_color&quot;:&quot;#6ba539&quot;,&quot;border_color&quot;:&quot;#FFFFFF&quot;,&quot;backgroundColor&quot;:&quot;#426da9&quot;,&quot;hoverBackgroundColor&quot;:&quot;#6ba539&quot;,&quot;borderColor&quot;:&quot;#FFFFFF&quot;,&quot;hoverBorderColor&quot;:&quot;#FFFFFF&quot;,&quot;borderWidth&quot;:1}]},&quot;options&quot;:{&quot;title&quot;:{&quot;display&quot;:false,&quot;text&quot;:null,&quot;fontFamily&quot;:&quot;auto&quot;,&quot;fontSize&quot;:18,&quot;fontStyle&quot;:&quot; &quot;,&quot;fontColor&quot;:&quot;#222&quot;},&quot;tooltips&quot;:{&quot;enabled&quot;:true,&quot;backgroundColor&quot;:&quot;rgba(0, 0, 0, .7)&quot;,&quot;borderWidth&quot;:0,&quot;borderColor&quot;:&quot;rgba(0, 0, 0, 0.1)&quot;,&quot;titleFontFamily&quot;:&quot;Cairo&quot;,&quot;titleFontSize&quot;:16,&quot;titleFontStyle&quot;:&quot; &quot;,&quot;titleFontColor&quot;:&quot;#fff&quot;,&quot;bodyFontFamily&quot;:&quot;Cairo&quot;,&quot;bodyFontSize&quot;:16,&quot;bodyFontStyle&quot;:&quot; &quot;,&quot;bodyFontColor&quot;:&quot;#f7f7f7&quot;,&quot;cornerRadius&quot;:6,&quot;xPadding&quot;:10,&quot;yPadding&quot;:10,&quot;caretSize&quot;:5,&quot;mode&quot;:&quot;nearest&quot;},&quot;legend&quot;:{&quot;display&quot;:false,&quot;position&quot;:&quot;top&quot;,&quot;reverse&quot;:false,&quot;labels&quot;:{&quot;boxWidth&quot;:45,&quot;fontFamily&quot;:&quot;auto&quot;,&quot;fontSize&quot;:12,&quot;fontStyle&quot;:&quot; &quot;,&quot;fontColor&quot;:&quot;#222&quot;}},&quot;animation&quot;:{&quot;easing&quot;:&quot;linear&quot;,&quot;duration&quot;:500},&quot;layout&quot;:{&quot;padding&quot;:{&quot;top&quot;:&quot;&quot;,&quot;right&quot;:&quot;&quot;,&quot;bottom&quot;:&quot;&quot;,&quot;left&quot;:&quot;&quot;}},&quot;maintainAspectRatio&quot;:false,&quot;scales&quot;:{&quot;xAxes&quot;:[{&quot;ticks&quot;:{&quot;display&quot;:true,&quot;beginAtZero&quot;:true,&quot;max&quot;:300,&quot;stepSize&quot;:50,&quot;fontFamily&quot;:&quot;Cairo&quot;,&quot;fontSize&quot;:16,&quot;fontStyle&quot;:&quot; &quot;,&quot;fontColor&quot;:&quot;#222&quot;,&quot;padding&quot;:10},&quot;gridLines&quot;:{&quot;drawBorder&quot;:false,&quot;color&quot;:&quot;#eeeeee&quot;},&quot;barPercentage&quot;:0.8,&quot;categoryPercentage&quot;:0.85}],&quot;yAxes&quot;:[{&quot;ticks&quot;:{&quot;display&quot;:true,&quot;beginAtZero&quot;:true,&quot;max&quot;:300,&quot;stepSize&quot;:50,&quot;fontFamily&quot;:&quot;Cairo&quot;,&quot;fontSize&quot;:16,&quot;fontStyle&quot;:&quot; &quot;,&quot;fontColor&quot;:&quot;#222&quot;,&quot;padding&quot;:10},&quot;gridLines&quot;:{&quot;drawBorder&quot;:false,&quot;color&quot;:&quot;#eeeeee&quot;},&quot;barPercentage&quot;:0.8,&quot;categoryPercentage&quot;:0.85}]}}}\">\n\n\t\t\t<canvas id=\"ha-bar-chart\" role=\"img\"><\/canvas>\n\n\t\t<\/div>\n\n\t\t\t\t\t<\/div>\n\t\t\t\t<\/div>\n\t\t\t\t<div class=\"elementor-element elementor-element-1f41251 elementor-widget elementor-widget-text-editor\" data-id=\"1f41251\" data-element_type=\"widget\" data-widget_type=\"text-editor.default\">\n\t\t\t\t<div class=\"elementor-widget-container\">\n\t\t\t\t\t\t\t\t\tUSD\/MWh\t\t\t\t\t\t\t\t<\/div>\n\t\t\t\t<\/div>\n\t\t\t\t<div class=\"elementor-element elementor-element-ec2a8d0 elementor-widget elementor-widget-text-editor\" data-id=\"ec2a8d0\" data-element_type=\"widget\" data-widget_type=\"text-editor.default\">\n\t\t\t\t<div class=\"elementor-widget-container\">\n\t\t\t\t\t\t\t\t\t<p>Nota: Tarifas finales con impuestos sin IVA, promedio del pa\u00eds ponderado por la cantidad de energ\u00eda comprada.<\/p>\t\t\t\t\t\t\t\t<\/div>\n\t\t\t\t<\/div>\n\t\t\t\t<div class=\"elementor-element elementor-element-14b3118 elementor-widget elementor-widget-text-editor\" data-id=\"14b3118\" data-element_type=\"widget\" data-widget_type=\"text-editor.default\">\n\t\t\t\t<div class=\"elementor-widget-container\">\n\t\t\t\t\t\t\t\t\t<p>Fuente: Elaboraci\u00f3n propia basada en el CIER.<\/p>\t\t\t\t\t\t\t\t<\/div>\n\t\t\t\t<\/div>\n\t\t\t\t<\/div>\n\t\t\t\t\t<\/div>\n\t\t\t\t<\/div>\n\t\t\t\t<\/div>\n\t\t","protected":false},"excerpt":{"rendered":"<p>USD\/MWh Nota: Tarifas finales con impuestos sin IVA, promedio del pa\u00eds ponderado por la cantidad de energ\u00eda comprada. Fuente: Elaboraci\u00f3n propia basada en el CIER.<\/p>","protected":false},"author":1,"featured_media":0,"parent":1511,"menu_order":5,"comment_status":"closed","ping_status":"closed","template":"","meta":{"footnotes":""},"blocksy_meta":{"styles_descriptor":{"styles":{"desktop":"","tablet":"","mobile":""},"google_fonts":[],"version":5}},"_links":{"self":[{"href":"https:\/\/exportsalva.com\/en\/wp-json\/wp\/v2\/pages\/2381"}],"collection":[{"href":"https:\/\/exportsalva.com\/en\/wp-json\/wp\/v2\/pages"}],"about":[{"href":"https:\/\/exportsalva.com\/en\/wp-json\/wp\/v2\/types\/page"}],"author":[{"embeddable":true,"href":"https:\/\/exportsalva.com\/en\/wp-json\/wp\/v2\/users\/1"}],"replies":[{"embeddable":true,"href":"https:\/\/exportsalva.com\/en\/wp-json\/wp\/v2\/comments?post=2381"}],"version-history":[{"count":4,"href":"https:\/\/exportsalva.com\/en\/wp-json\/wp\/v2\/pages\/2381\/revisions"}],"predecessor-version":[{"id":2404,"href":"https:\/\/exportsalva.com\/en\/wp-json\/wp\/v2\/pages\/2381\/revisions\/2404"}],"up":[{"embeddable":true,"href":"https:\/\/exportsalva.com\/en\/wp-json\/wp\/v2\/pages\/1511"}],"wp:attachment":[{"href":"https:\/\/exportsalva.com\/en\/wp-json\/wp\/v2\/media?parent=2381"}],"curies":[{"name":"wp","href":"https:\/\/api.w.org\/{rel}","templated":true}]}}