{"id":2385,"date":"2022-07-22T14:12:43","date_gmt":"2022-07-22T20:12:43","guid":{"rendered":"https:\/\/wordpress-460556-1928604.cloudwaysapps.com\/?page_id=2385"},"modified":"2022-07-22T14:24:08","modified_gmt":"2022-07-22T20:24:08","slug":"marco-legal","status":"publish","type":"page","link":"https:\/\/exportsalva.com\/en\/por-que-el-salvador\/marco-legal\/","title":{"rendered":"Legal Framework"},"content":{"rendered":"<div data-elementor-type=\"wp-page\" data-elementor-id=\"2385\" class=\"elementor elementor-2385\" data-elementor-settings=\"{&quot;ha_cmc_init_switcher&quot;:&quot;no&quot;}\" data-elementor-post-type=\"page\">\n\t\t\t\t<div class=\"elementor-element elementor-element-fbe9fa1 e-flex e-con-boxed e-con e-parent\" data-id=\"fbe9fa1\" data-element_type=\"container\" data-settings=\"{&quot;background_background&quot;:&quot;gradient&quot;,&quot;_ha_eqh_enable&quot;:false}\">\n\t\t\t\t\t<div class=\"e-con-inner\">\n\t\t\t\t\t<\/div>\n\t\t\t\t<\/div>\n\t\t<div class=\"elementor-element elementor-element-a7f8701 e-flex e-con-boxed e-con e-parent\" data-id=\"a7f8701\" data-element_type=\"container\" id=\"legal\" data-settings=\"{&quot;background_background&quot;:&quot;classic&quot;,&quot;_ha_eqh_enable&quot;:false}\">\n\t\t\t\t\t<div class=\"e-con-inner\">\n\t\t<div class=\"elementor-element elementor-element-06e80cc e-con-full e-flex elementor-invisible e-con e-parent\" data-id=\"06e80cc\" data-element_type=\"container\" data-settings=\"{&quot;animation&quot;:&quot;fadeIn&quot;,&quot;animation_delay&quot;:600,&quot;_ha_eqh_enable&quot;:false}\">\n\t\t\t\t<div class=\"elementor-element elementor-element-0c0600f elementor-widget elementor-widget-heading\" data-id=\"0c0600f\" data-element_type=\"widget\" data-widget_type=\"heading.default\">\n\t\t\t\t<div class=\"elementor-widget-container\">\n\t\t\t\t\t<span class=\"elementor-heading-title elementor-size-default\">Free Trade Zone Regime<\/span>\t\t\t\t<\/div>\n\t\t\t\t<\/div>\n\t\t\t\t<div class=\"elementor-element elementor-element-7b35cc0 elementor-widget elementor-widget-text-editor\" data-id=\"7b35cc0\" data-element_type=\"widget\" data-widget_type=\"text-editor.default\">\n\t\t\t\t<div class=\"elementor-widget-container\">\n\t\t\t\t\t\t\t\t\tPreferential tax incentives for income tax and municipal taxes.\t\t\t\t\t\t\t\t<\/div>\n\t\t\t\t<\/div>\n\t\t\t\t<div class=\"elementor-element elementor-element-4a46547 elementor-widget elementor-widget-ha-skills happy-addon ha-skills\" data-id=\"4a46547\" data-element_type=\"widget\" data-widget_type=\"ha-skills.default\">\n\t\t\t\t<div class=\"elementor-widget-container\">\n\t\t\t\t\t            <div class=\"ha-skill ha-skill--inside elementor-repeater-item-a9afbbe\">\n                <div class=\"ha-skill-level\" data-level=\"100\">\n                    <div class=\"ha-skill-info\"><span class=\"ha-skill-name\">1 - 20 Years<\/span><span class=\"ha-skill-level-text\"><\/span><\/div>\n                <\/div>\n            <\/div>\n                        <div class=\"ha-skill ha-skill--inside elementor-repeater-item-c0dda9e\">\n                <div class=\"ha-skill-level\" data-level=\"60\">\n                    <div class=\"ha-skill-info\"><span class=\"ha-skill-name\">21 - 35 Years<\/span><span class=\"ha-skill-level-text\"><\/span><\/div>\n                <\/div>\n            <\/div>\n                        <div class=\"ha-skill ha-skill--inside elementor-repeater-item-8ca43fc\">\n                <div class=\"ha-skill-level\" data-level=\"40\">\n                    <div class=\"ha-skill-info\"><span class=\"ha-skill-name\">36 - 45 Years<\/span><span class=\"ha-skill-level-text\"><\/span><\/div>\n                <\/div>\n            <\/div>\n            \t\t\t\t<\/div>\n\t\t\t\t<\/div>\n\t\t\t\t<\/div>\n\t\t\t\t\t<\/div>\n\t\t\t\t<\/div>\n\t\t\t\t<\/div>","protected":false},"excerpt":{"rendered":"<p>Regimen de Zonas Francas Incentivos fiscales preferenciales para el impuesto sobre la renta e impuestos municipales. 1 &#8211; 20 A\u00f1os 21 &#8211; 35 A\u00f1os 36 &#8211; 45 A\u00f1os<\/p>","protected":false},"author":1,"featured_media":0,"parent":1511,"menu_order":7,"comment_status":"closed","ping_status":"closed","template":"","meta":{"footnotes":""},"blocksy_meta":{"styles_descriptor":{"styles":{"desktop":"","tablet":"","mobile":""},"google_fonts":[],"version":5}},"_links":{"self":[{"href":"https:\/\/exportsalva.com\/en\/wp-json\/wp\/v2\/pages\/2385"}],"collection":[{"href":"https:\/\/exportsalva.com\/en\/wp-json\/wp\/v2\/pages"}],"about":[{"href":"https:\/\/exportsalva.com\/en\/wp-json\/wp\/v2\/types\/page"}],"author":[{"embeddable":true,"href":"https:\/\/exportsalva.com\/en\/wp-json\/wp\/v2\/users\/1"}],"replies":[{"embeddable":true,"href":"https:\/\/exportsalva.com\/en\/wp-json\/wp\/v2\/comments?post=2385"}],"version-history":[{"count":4,"href":"https:\/\/exportsalva.com\/en\/wp-json\/wp\/v2\/pages\/2385\/revisions"}],"predecessor-version":[{"id":2410,"href":"https:\/\/exportsalva.com\/en\/wp-json\/wp\/v2\/pages\/2385\/revisions\/2410"}],"up":[{"embeddable":true,"href":"https:\/\/exportsalva.com\/en\/wp-json\/wp\/v2\/pages\/1511"}],"wp:attachment":[{"href":"https:\/\/exportsalva.com\/en\/wp-json\/wp\/v2\/media?parent=2385"}],"curies":[{"name":"wp","href":"https:\/\/api.w.org\/{rel}","templated":true}]}}