{"id":2447,"date":"2022-07-31T18:10:59","date_gmt":"2022-08-01T00:10:59","guid":{"rendered":"https:\/\/wordpress-460556-1928604.cloudwaysapps.com\/?page_id=2447"},"modified":"2022-07-31T18:33:40","modified_gmt":"2022-08-01T00:33:40","slug":"ubicacion-de-nuestra-empresa","status":"publish","type":"page","link":"https:\/\/exportsalva.com\/en\/nuestra-empresa\/ubicacion-de-nuestra-empresa\/","title":{"rendered":"Ubicaci\u00f3n de Nuestra Empresa"},"content":{"rendered":"<div data-elementor-type=\"wp-page\" data-elementor-id=\"2447\" class=\"elementor elementor-2447\" data-elementor-settings=\"{&quot;ha_cmc_init_switcher&quot;:&quot;no&quot;}\" data-elementor-post-type=\"page\">\n\t\t\t\t<div class=\"elementor-element elementor-element-84e25cb e-con-full e-flex e-con e-parent\" data-id=\"84e25cb\" data-element_type=\"container\" data-settings=\"{&quot;background_background&quot;:&quot;gradient&quot;,&quot;_ha_eqh_enable&quot;:false}\">\n\t\t\t\t<div class=\"elementor-element elementor-element-bea8735 elementor-widget elementor-widget-heading\" data-id=\"bea8735\" data-element_type=\"widget\" data-widget_type=\"heading.default\">\n\t\t\t\t<div class=\"elementor-widget-container\">\n\t\t\t\t\t<h1 class=\"elementor-heading-title elementor-size-default\">Location<\/h1>\t\t\t\t<\/div>\n\t\t\t\t<\/div>\n\t\t\t\t<\/div>\n\t\t<div class=\"elementor-element elementor-element-4e59d75 e-flex e-con-boxed e-con e-parent\" data-id=\"4e59d75\" data-element_type=\"container\" data-settings=\"{&quot;background_background&quot;:&quot;classic&quot;,&quot;_ha_eqh_enable&quot;:false}\">\n\t\t\t\t\t<div class=\"e-con-inner\">\n\t\t\t\t<div class=\"elementor-element elementor-element-bad61a9 elementor-widget elementor-widget-image\" data-id=\"bad61a9\" data-element_type=\"widget\" data-widget_type=\"image.default\">\n\t\t\t\t<div class=\"elementor-widget-container\">\n\t\t\t\t\t\t\t\t\t\t\t\t\t\t\t\t<a href=\"https:\/\/exportsalva.com\/wp-content\/uploads\/2021\/06\/Export-Salva-Location.png\" data-elementor-open-lightbox=\"yes\" data-elementor-lightbox-title=\"ExportSalva Location\" data-e-action-hash=\"#elementor-action%3Aaction%3Dlightbox%26settings%3DeyJpZCI6ODQ3LCJ1cmwiOiJodHRwczpcL1wvZXhwb3J0c2FsdmEuY29tXC93cC1jb250ZW50XC91cGxvYWRzXC8yMDIxXC8wNlwvRXhwb3J0LVNhbHZhLUxvY2F0aW9uLnBuZyJ9\">\n\t\t\t\t\t\t\t<img fetchpriority=\"high\" decoding=\"async\" width=\"1024\" height=\"561\" src=\"https:\/\/exportsalva.com\/wp-content\/uploads\/2021\/06\/Export-Salva-Location-1024x561.png\" class=\"attachment-large size-large wp-image-847\" alt=\"ExportSalva Location\" srcset=\"https:\/\/exportsalva.com\/wp-content\/uploads\/2021\/06\/Export-Salva-Location-1024x561.png 1024w, https:\/\/exportsalva.com\/wp-content\/uploads\/2021\/06\/Export-Salva-Location-300x164.png 300w, https:\/\/exportsalva.com\/wp-content\/uploads\/2021\/06\/Export-Salva-Location-768x421.png 768w, https:\/\/exportsalva.com\/wp-content\/uploads\/2021\/06\/Export-Salva-Location.png 1400w\" sizes=\"(max-width: 1024px) 100vw, 1024px\" \/>\t\t\t\t\t\t\t\t<\/a>\n\t\t\t\t\t\t\t\t\t\t\t\t\t\t\t<\/div>\n\t\t\t\t<\/div>\n\t\t<div class=\"elementor-element elementor-element-648f632 colglass e-flex e-con-boxed e-con e-parent\" data-id=\"648f632\" data-element_type=\"container\" data-settings=\"{&quot;background_background&quot;:&quot;classic&quot;,&quot;_ha_eqh_enable&quot;:false}\">\n\t\t\t\t\t<div class=\"e-con-inner\">\n\t\t\t\t<div class=\"elementor-element elementor-element-7d33868 elementor-widget elementor-widget-text-editor\" data-id=\"7d33868\" data-element_type=\"widget\" data-widget_type=\"text-editor.default\">\n\t\t\t\t<div class=\"elementor-widget-container\">\n\t\t\t\t\t\t\t\t\t<p>ExportSalva Free Zone is a 70-acre park located only 12.4 miles from San Salvador and 34.8 miles from the International Airport.<\/p><p>This strategic location provides access to professionals from three of the most important cities in the country: San Salvador, Santa Ana and Sonsonate, which combined, provide more than 700,000 workers in a radius of 14.9 miles. In addition, the park is located on the country's main highway, which provides easy access to public transportation services.<\/p><p>At ExportSalva Free Zone, we serve and welcome those companies that value and adhere to our ethical, environmental and social responsibility standards. The result is a productive and harmonious business environment.<\/p>\t\t\t\t\t\t\t\t<\/div>\n\t\t\t\t<\/div>\n\t\t\t\t\t<\/div>\n\t\t\t\t<\/div>\n\t\t\t\t\t<\/div>\n\t\t\t\t<\/div>\n\t\t\t\t<\/div>","protected":false},"excerpt":{"rendered":"<p>Ubicaci\u00f3n ExportSalva Free Zone es un Parque de 42 manzanas ubicado a solo 20 kil\u00f3metros de San Salvador y 56 kil\u00f3metros del Aeropuerto Internacional. Esta ubicaci\u00f3n estrat\u00e9gica brinda acceso a profesionales de tres de las ciudades m\u00e1s importantes del pa\u00eds: San Salvador, Santa Ana y Sonsonate, que combinadas, proporcionan m\u00e1s de 700,000 trabajadores en un [&hellip;]<\/p>\n","protected":false},"author":1,"featured_media":0,"parent":1417,"menu_order":0,"comment_status":"closed","ping_status":"closed","template":"","meta":{"footnotes":""},"blocksy_meta":{"styles_descriptor":{"styles":{"desktop":"","tablet":"","mobile":""},"google_fonts":[],"version":5}},"_links":{"self":[{"href":"https:\/\/exportsalva.com\/en\/wp-json\/wp\/v2\/pages\/2447"}],"collection":[{"href":"https:\/\/exportsalva.com\/en\/wp-json\/wp\/v2\/pages"}],"about":[{"href":"https:\/\/exportsalva.com\/en\/wp-json\/wp\/v2\/types\/page"}],"author":[{"embeddable":true,"href":"https:\/\/exportsalva.com\/en\/wp-json\/wp\/v2\/users\/1"}],"replies":[{"embeddable":true,"href":"https:\/\/exportsalva.com\/en\/wp-json\/wp\/v2\/comments?post=2447"}],"version-history":[{"count":10,"href":"https:\/\/exportsalva.com\/en\/wp-json\/wp\/v2\/pages\/2447\/revisions"}],"predecessor-version":[{"id":2506,"href":"https:\/\/exportsalva.com\/en\/wp-json\/wp\/v2\/pages\/2447\/revisions\/2506"}],"up":[{"embeddable":true,"href":"https:\/\/exportsalva.com\/en\/wp-json\/wp\/v2\/pages\/1417"}],"wp:attachment":[{"href":"https:\/\/exportsalva.com\/en\/wp-json\/wp\/v2\/media?parent=2447"}],"curies":[{"name":"wp","href":"https:\/\/api.w.org\/{rel}","templated":true}]}}