{"id":2452,"date":"2022-07-31T18:12:43","date_gmt":"2022-08-01T00:12:43","guid":{"rendered":"https:\/\/wordpress-460556-1928604.cloudwaysapps.com\/?page_id=2452"},"modified":"2022-07-31T18:20:07","modified_gmt":"2022-08-01T00:20:07","slug":"informacion-corporativa","status":"publish","type":"page","link":"https:\/\/exportsalva.com\/en\/nuestra-empresa\/informacion-corporativa\/","title":{"rendered":"Corporate Information"},"content":{"rendered":"<div data-elementor-type=\"wp-page\" data-elementor-id=\"2452\" class=\"elementor elementor-2452\" data-elementor-settings=\"{&quot;ha_cmc_init_switcher&quot;:&quot;no&quot;}\" data-elementor-post-type=\"page\">\n\t\t\t\t<div class=\"elementor-element elementor-element-84e25cb e-con-full e-flex e-con e-parent\" data-id=\"84e25cb\" data-element_type=\"container\" data-settings=\"{&quot;background_background&quot;:&quot;gradient&quot;,&quot;_ha_eqh_enable&quot;:false}\">\n\t\t\t\t<div class=\"elementor-element elementor-element-bea8735 elementor-widget elementor-widget-heading\" data-id=\"bea8735\" data-element_type=\"widget\" data-widget_type=\"heading.default\">\n\t\t\t\t<div class=\"elementor-widget-container\">\n\t\t\t\t\t<h1 class=\"elementor-heading-title elementor-size-default\">Corporate Information<\/h1>\t\t\t\t<\/div>\n\t\t\t\t<\/div>\n\t\t\t\t<\/div>\n\t\t<div class=\"elementor-element elementor-element-d47db10 e-flex e-con-boxed e-con e-parent\" data-id=\"d47db10\" data-element_type=\"container\" data-settings=\"{&quot;background_background&quot;:&quot;classic&quot;,&quot;_ha_eqh_enable&quot;:false}\">\n\t\t\t\t\t<div class=\"e-con-inner\">\n\t\t<div class=\"elementor-element elementor-element-3177928 e-con-full e-flex e-con e-parent\" data-id=\"3177928\" data-element_type=\"container\" data-settings=\"{&quot;_ha_eqh_enable&quot;:false}\">\n\t\t\t\t<div class=\"elementor-element elementor-element-44d3c88 elementor-widget elementor-widget-image\" data-id=\"44d3c88\" data-element_type=\"widget\" data-settings=\"{&quot;_animation&quot;:&quot;none&quot;,&quot;_animation_delay&quot;:800}\" data-widget_type=\"image.default\">\n\t\t\t\t<div class=\"elementor-widget-container\">\n\t\t\t\t\t\t\t\t\t\t\t\t\t\t\t\t<a href=\"https:\/\/exportsalva.com\/wp-content\/uploads\/2021\/05\/Esquema-Grupo-Hilasal.webp\" data-elementor-open-lightbox=\"no\">\n\t\t\t\t\t\t\t<img fetchpriority=\"high\" decoding=\"async\" width=\"1400\" height=\"495\" src=\"https:\/\/exportsalva.com\/wp-content\/uploads\/2021\/05\/Esquema-Grupo-Hilasal.webp\" class=\"attachment-full size-full wp-image-58\" alt=\"Estructura Grupo Hilasal\" srcset=\"https:\/\/exportsalva.com\/wp-content\/uploads\/2021\/05\/Esquema-Grupo-Hilasal.webp 1400w, https:\/\/exportsalva.com\/wp-content\/uploads\/2021\/05\/Esquema-Grupo-Hilasal-300x106.webp 300w, https:\/\/exportsalva.com\/wp-content\/uploads\/2021\/05\/Esquema-Grupo-Hilasal-1024x362.webp 1024w, https:\/\/exportsalva.com\/wp-content\/uploads\/2021\/05\/Esquema-Grupo-Hilasal-768x272.webp 768w\" sizes=\"(max-width: 1400px) 100vw, 1400px\" \/>\t\t\t\t\t\t\t\t<\/a>\n\t\t\t\t\t\t\t\t\t\t\t\t\t\t\t<\/div>\n\t\t\t\t<\/div>\n\t\t\t\t<div class=\"elementor-element elementor-element-007d969 elementor-widget elementor-widget-text-editor\" data-id=\"007d969\" data-element_type=\"widget\" data-widget_type=\"text-editor.default\">\n\t\t\t\t<div class=\"elementor-widget-container\">\n\t\t\t\t\t\t\t\t\tHilasal Group, established in 1942, is currently one of the world's largest manufacturers of printed beach towels and the third largest towel manufacturer in North America.  \nHilasal's 80 years of manufacturing,\ninternational sales and distribution\nbackground leverages multiple value\nadded services such as: Assembly, light manufacturing and logistic services.\t\t\t\t\t\t\t\t<\/div>\n\t\t\t\t<\/div>\n\t\t\t\t<\/div>\n\t\t\t\t\t<\/div>\n\t\t\t\t<\/div>\n\t\t\t\t<\/div>","protected":false},"excerpt":{"rendered":"<p>Informaci\u00f3n Corporativa Grupo Hilasal, establecida en 1942, es actualmente uno de los fabricantes m\u00e1s grandes del mundo de toallas playeras impresas y el tercer fabricante m\u00e1s grande de toallas en Norte Am\u00e9rica. La experiencia de m\u00e1s de 80 a\u00f1os de Hilasal en manufactura, ensamble y distribuci\u00f3n potencia m\u00faltiples servicios como: valor agregado y log\u00edstica.<\/p>","protected":false},"author":1,"featured_media":0,"parent":1417,"menu_order":1,"comment_status":"closed","ping_status":"closed","template":"","meta":{"footnotes":""},"blocksy_meta":{"styles_descriptor":{"styles":{"desktop":"","tablet":"","mobile":""},"google_fonts":[],"version":5}},"_links":{"self":[{"href":"https:\/\/exportsalva.com\/en\/wp-json\/wp\/v2\/pages\/2452"}],"collection":[{"href":"https:\/\/exportsalva.com\/en\/wp-json\/wp\/v2\/pages"}],"about":[{"href":"https:\/\/exportsalva.com\/en\/wp-json\/wp\/v2\/types\/page"}],"author":[{"embeddable":true,"href":"https:\/\/exportsalva.com\/en\/wp-json\/wp\/v2\/users\/1"}],"replies":[{"embeddable":true,"href":"https:\/\/exportsalva.com\/en\/wp-json\/wp\/v2\/comments?post=2452"}],"version-history":[{"count":7,"href":"https:\/\/exportsalva.com\/en\/wp-json\/wp\/v2\/pages\/2452\/revisions"}],"predecessor-version":[{"id":2470,"href":"https:\/\/exportsalva.com\/en\/wp-json\/wp\/v2\/pages\/2452\/revisions\/2470"}],"up":[{"embeddable":true,"href":"https:\/\/exportsalva.com\/en\/wp-json\/wp\/v2\/pages\/1417"}],"wp:attachment":[{"href":"https:\/\/exportsalva.com\/en\/wp-json\/wp\/v2\/media?parent=2452"}],"curies":[{"name":"wp","href":"https:\/\/api.w.org\/{rel}","templated":true}]}}