{"id":2457,"date":"2022-07-31T18:14:50","date_gmt":"2022-08-01T00:14:50","guid":{"rendered":"https:\/\/wordpress-460556-1928604.cloudwaysapps.com\/?page_id=2457"},"modified":"2022-07-31T18:20:51","modified_gmt":"2022-08-01T00:20:51","slug":"breve-resena","status":"publish","type":"page","link":"https:\/\/exportsalva.com\/en\/nuestra-empresa\/breve-resena\/","title":{"rendered":"Hilasal Short Review"},"content":{"rendered":"<div data-elementor-type=\"wp-page\" data-elementor-id=\"2457\" class=\"elementor elementor-2457\" data-elementor-settings=\"{&quot;ha_cmc_init_switcher&quot;:&quot;no&quot;}\" data-elementor-post-type=\"page\">\n\t\t\t\t<div class=\"elementor-element elementor-element-84e25cb e-con-full e-flex e-con e-parent\" data-id=\"84e25cb\" data-element_type=\"container\" data-settings=\"{&quot;background_background&quot;:&quot;gradient&quot;,&quot;_ha_eqh_enable&quot;:false}\">\n\t\t\t\t<div class=\"elementor-element elementor-element-bea8735 elementor-widget elementor-widget-heading\" data-id=\"bea8735\" data-element_type=\"widget\" data-widget_type=\"heading.default\">\n\t\t\t\t<div class=\"elementor-widget-container\">\n\t\t\t\t\t<h1 class=\"elementor-heading-title elementor-size-default\">Hilasal Short Review<\/h1>\t\t\t\t<\/div>\n\t\t\t\t<\/div>\n\t\t\t\t<\/div>\n\t\t<div class=\"elementor-element elementor-element-ddec745 e-flex e-con-boxed e-con e-parent\" data-id=\"ddec745\" data-element_type=\"container\" data-settings=\"{&quot;background_background&quot;:&quot;classic&quot;,&quot;_ha_eqh_enable&quot;:false}\">\n\t\t\t\t\t<div class=\"e-con-inner\">\n\t\t\t\t<div class=\"elementor-element elementor-element-e32d3a0 elementor-widget elementor-widget-image\" data-id=\"e32d3a0\" data-element_type=\"widget\" data-widget_type=\"image.default\">\n\t\t\t\t<div class=\"elementor-widget-container\">\n\t\t\t\t\t\t\t\t\t\t\t\t\t\t\t\t<a href=\"https:\/\/exportsalva.com\/wp-content\/uploads\/2021\/05\/Don-Ricardo-Sagrera-Presidente-y-CEO-de-Grupo-Hilasal.webp\" data-elementor-open-lightbox=\"no\">\n\t\t\t\t\t\t\t<img fetchpriority=\"high\" decoding=\"async\" width=\"713\" height=\"1024\" src=\"https:\/\/exportsalva.com\/wp-content\/uploads\/2021\/05\/Don-Ricardo-Sagrera-Presidente-y-CEO-de-Grupo-Hilasal.webp\" class=\"attachment-full size-full wp-image-54\" alt=\"Don Ricardo Sagrera\" srcset=\"https:\/\/exportsalva.com\/wp-content\/uploads\/2021\/05\/Don-Ricardo-Sagrera-Presidente-y-CEO-de-Grupo-Hilasal.webp 713w, https:\/\/exportsalva.com\/wp-content\/uploads\/2021\/05\/Don-Ricardo-Sagrera-Presidente-y-CEO-de-Grupo-Hilasal-209x300.webp 209w\" sizes=\"(max-width: 713px) 100vw, 713px\" \/>\t\t\t\t\t\t\t\t<\/a>\n\t\t\t\t\t\t\t\t\t\t\t\t\t\t\t<\/div>\n\t\t\t\t<\/div>\n\t\t<div class=\"elementor-element elementor-element-16b0c79 e-con-full e-flex elementor-invisible e-con e-parent\" data-id=\"16b0c79\" data-element_type=\"container\" data-settings=\"{&quot;animation&quot;:&quot;fadeIn&quot;,&quot;_ha_eqh_enable&quot;:false}\">\n\t\t\t\t<div class=\"elementor-element elementor-element-ab6a063 elementor-widget elementor-widget-image\" data-id=\"ab6a063\" data-element_type=\"widget\" data-widget_type=\"image.default\">\n\t\t\t\t<div class=\"elementor-widget-container\">\n\t\t\t\t\t\t\t\t\t\t\t\t\t\t\t<img decoding=\"async\" width=\"953\" height=\"199\" src=\"https:\/\/exportsalva.com\/wp-content\/uploads\/2022\/05\/Grupo-Hilasal.jpg\" class=\"attachment-large size-large wp-image-1800\" alt=\"Grupo Hilasal\" srcset=\"https:\/\/exportsalva.com\/wp-content\/uploads\/2022\/05\/Grupo-Hilasal.jpg 953w, https:\/\/exportsalva.com\/wp-content\/uploads\/2022\/05\/Grupo-Hilasal-300x63.jpg 300w, https:\/\/exportsalva.com\/wp-content\/uploads\/2022\/05\/Grupo-Hilasal-768x160.jpg 768w\" sizes=\"(max-width: 953px) 100vw, 953px\" \/>\t\t\t\t\t\t\t\t\t\t\t\t\t\t\t<\/div>\n\t\t\t\t<\/div>\n\t\t\t\t<div class=\"elementor-element elementor-element-dfc0d63 elementor-widget elementor-widget-text-editor\" data-id=\"dfc0d63\" data-element_type=\"widget\" data-widget_type=\"text-editor.default\">\n\t\t\t\t<div class=\"elementor-widget-container\">\n\t\t\t\t\t\t\t\t\tThe history of the Hilasal Group dates back to the 19th century when Jos\u00e9 Sagrera arrived in El Salvador from Spain and established a small workshop where he made very basic fabrics.\t\t\t\t\t\t\t\t<\/div>\n\t\t\t\t<\/div>\n\t\t\t\t<div class=\"elementor-element elementor-element-b87bc96 elementor-widget elementor-widget-text-editor\" data-id=\"b87bc96\" data-element_type=\"widget\" data-widget_type=\"text-editor.default\">\n\t\t\t\t<div class=\"elementor-widget-container\">\n\t\t\t\t\t\t\t\t\tIn 1942, Jos\u00e9's grandson, Ricardo Sagrera, founded Hilasal, a family-owned textile company that mainly manufactured yarn and basic fabrics for the local market. In 1959, the company began producing bath towels and became the first company to manufacture this product in the Central American region.\t\t\t\t\t\t\t\t<\/div>\n\t\t\t\t<\/div>\n\t\t\t\t<div class=\"elementor-element elementor-element-421a144 elementor-widget elementor-widget-text-editor\" data-id=\"421a144\" data-element_type=\"widget\" data-widget_type=\"text-editor.default\">\n\t\t\t\t<div class=\"elementor-widget-container\">\n\t\t\t\t\t\t\t\t\tIn 1968, the company began exporting its products to Europe and in 1975, under the leadership of Ricardo Sagrera III, current President and CEO of the Hilasal Group, the first exports to the United States were made. Hilasal currently has a modern, vertically integrated plant in El Salvador. It is currently one of the largest manufacturers of printed beach towels in the world and one of the largest towel manufacturers in North America.\t\t\t\t\t\t\t\t<\/div>\n\t\t\t\t<\/div>\n\t\t\t\t<\/div>\n\t\t\t\t\t<\/div>\n\t\t\t\t<\/div>\n\t\t<div class=\"elementor-element elementor-element-228827b e-flex e-con-boxed e-con e-parent\" data-id=\"228827b\" data-element_type=\"container\" data-settings=\"{&quot;_ha_eqh_enable&quot;:false}\">\n\t\t\t\t\t<div class=\"e-con-inner\">\n\t\t<div class=\"elementor-element elementor-element-0df5d6d e-con-full e-flex elementor-invisible e-con e-parent\" data-id=\"0df5d6d\" data-element_type=\"container\" data-settings=\"{&quot;animation&quot;:&quot;fadeIn&quot;,&quot;_ha_eqh_enable&quot;:false}\">\n\t\t\t\t<div class=\"elementor-element elementor-element-94297b7 elementor-widget elementor-widget-text-editor\" data-id=\"94297b7\" data-element_type=\"widget\" data-widget_type=\"text-editor.default\">\n\t\t\t\t<div class=\"elementor-widget-container\">\n\t\t\t\t\t\t\t\t\t<p>In addition to the towel factory, the group founded Valley Manufacturing, an apparel manufacturing company, in 1992. This division currently operates 9 plants with 4,500 employees, serving prestigious clients such as Under Armour, Champion, Adidas, among others.<\/p>\t\t\t\t\t\t\t\t<\/div>\n\t\t\t\t<\/div>\n\t\t\t\t<div class=\"elementor-element elementor-element-3faa651 elementor-widget elementor-widget-text-editor\" data-id=\"3faa651\" data-element_type=\"widget\" data-widget_type=\"text-editor.default\">\n\t\t\t\t<div class=\"elementor-widget-container translation-block\">In 1993, the group capitalized on synergies and incorporated Export Salva Free Zone, a 288,945 M<sup>2<\/sup> business and a 70-acre Business and Service Park with more than 9,000 employees. The experience of more than 62 years in manufacturing and distribution, along with industry trends motivated us to diversify our business lines, that is how in 2004 Blue Logistics was born in El Salvador and in 2017 BP Logistics in Panama as Regional Distribution Centers (3PL).<\/div>\n\t\t\t\t<\/div>\n\t\t\t\t<\/div>\n\t\t\t\t<div class=\"elementor-element elementor-element-bf5951f elementor-widget elementor-widget-image\" data-id=\"bf5951f\" data-element_type=\"widget\" data-widget_type=\"image.default\">\n\t\t\t\t<div class=\"elementor-widget-container\">\n\t\t\t\t\t\t\t\t\t\t\t\t\t\t\t\t<a href=\"https:\/\/exportsalva.com\/wp-content\/uploads\/2021\/05\/Operario-en-tejedora-industrial-Exportsalva-1024x548-1.jpeg\" data-elementor-open-lightbox=\"no\">\n\t\t\t\t\t\t\t<img decoding=\"async\" width=\"1024\" height=\"548\" src=\"https:\/\/exportsalva.com\/wp-content\/uploads\/2021\/05\/Operario-en-tejedora-industrial-Exportsalva-1024x548-1.jpeg\" class=\"attachment-full size-full wp-image-88\" alt=\"\" srcset=\"https:\/\/exportsalva.com\/wp-content\/uploads\/2021\/05\/Operario-en-tejedora-industrial-Exportsalva-1024x548-1.jpeg 1024w, https:\/\/exportsalva.com\/wp-content\/uploads\/2021\/05\/Operario-en-tejedora-industrial-Exportsalva-1024x548-1-300x161.jpeg 300w, https:\/\/exportsalva.com\/wp-content\/uploads\/2021\/05\/Operario-en-tejedora-industrial-Exportsalva-1024x548-1-768x411.jpeg 768w\" sizes=\"(max-width: 1024px) 100vw, 1024px\" \/>\t\t\t\t\t\t\t\t<\/a>\n\t\t\t\t\t\t\t\t\t\t\t\t\t\t\t<\/div>\n\t\t\t\t<\/div>\n\t\t\t\t\t<\/div>\n\t\t\t\t<\/div>\n\t\t\t\t<\/div>","protected":false},"excerpt":{"rendered":"<p>Breve Rese\u00f1a de Hilasal La historia del Grupo Hilasal se remonta al siglo 19 cuando Jos\u00e9 Sagrera lleg\u00f3 a El Salvador desde Espa\u00f1a y estableci\u00f3 un peque\u00f1o taller donde hizo telas muy b\u00e1sicas.En 1942 el nieto de Jos\u00e9, Ricardo Sagrera, fund\u00f3 Hilasal, una empresa textil familiar que fabricaba principalmente hilo y tejidos b\u00e1sicos para el [&hellip;]<\/p>\n","protected":false},"author":1,"featured_media":0,"parent":1417,"menu_order":2,"comment_status":"closed","ping_status":"closed","template":"","meta":{"footnotes":""},"blocksy_meta":{"styles_descriptor":{"styles":{"desktop":"","tablet":"","mobile":""},"google_fonts":[],"version":5}},"_links":{"self":[{"href":"https:\/\/exportsalva.com\/en\/wp-json\/wp\/v2\/pages\/2457"}],"collection":[{"href":"https:\/\/exportsalva.com\/en\/wp-json\/wp\/v2\/pages"}],"about":[{"href":"https:\/\/exportsalva.com\/en\/wp-json\/wp\/v2\/types\/page"}],"author":[{"embeddable":true,"href":"https:\/\/exportsalva.com\/en\/wp-json\/wp\/v2\/users\/1"}],"replies":[{"embeddable":true,"href":"https:\/\/exportsalva.com\/en\/wp-json\/wp\/v2\/comments?post=2457"}],"version-history":[{"count":7,"href":"https:\/\/exportsalva.com\/en\/wp-json\/wp\/v2\/pages\/2457\/revisions"}],"predecessor-version":[{"id":2473,"href":"https:\/\/exportsalva.com\/en\/wp-json\/wp\/v2\/pages\/2457\/revisions\/2473"}],"up":[{"embeddable":true,"href":"https:\/\/exportsalva.com\/en\/wp-json\/wp\/v2\/pages\/1417"}],"wp:attachment":[{"href":"https:\/\/exportsalva.com\/en\/wp-json\/wp\/v2\/media?parent=2457"}],"curies":[{"name":"wp","href":"https:\/\/api.w.org\/{rel}","templated":true}]}}