{"id":2474,"date":"2022-07-31T18:21:20","date_gmt":"2022-08-01T00:21:20","guid":{"rendered":"https:\/\/wordpress-460556-1928604.cloudwaysapps.com\/?page_id=2474"},"modified":"2022-07-31T18:29:04","modified_gmt":"2022-08-01T00:29:04","slug":"responsabilidad-social","status":"publish","type":"page","link":"https:\/\/exportsalva.com\/en\/responsabilidad-social-y-sostenibilidad\/responsabilidad-social\/","title":{"rendered":"Social Responsibility"},"content":{"rendered":"<div data-elementor-type=\"wp-page\" data-elementor-id=\"2474\" class=\"elementor elementor-2474\" data-elementor-settings=\"{&quot;ha_cmc_init_switcher&quot;:&quot;no&quot;}\" data-elementor-post-type=\"page\">\n\t\t\t\t<div class=\"elementor-element elementor-element-5a45340 e-flex e-con-boxed e-con e-parent\" data-id=\"5a45340\" data-element_type=\"container\" data-settings=\"{&quot;background_background&quot;:&quot;gradient&quot;,&quot;_ha_eqh_enable&quot;:false}\">\n\t\t\t\t\t<div class=\"e-con-inner\">\n\t\t\t\t<div class=\"elementor-element elementor-element-9eb2a8a elementor-widget elementor-widget-heading\" data-id=\"9eb2a8a\" data-element_type=\"widget\" data-widget_type=\"heading.default\">\n\t\t\t\t<div class=\"elementor-widget-container\">\n\t\t\t\t\t<h1 class=\"elementor-heading-title elementor-size-default\">Social Responsibility<\/h1>\t\t\t\t<\/div>\n\t\t\t\t<\/div>\n\t\t\t\t\t<\/div>\n\t\t\t\t<\/div>\n\t\t<div class=\"elementor-element elementor-element-ff83d4e e-flex e-con-boxed e-con e-parent\" data-id=\"ff83d4e\" data-element_type=\"container\" data-settings=\"{&quot;background_background&quot;:&quot;classic&quot;,&quot;_ha_eqh_enable&quot;:false}\">\n\t\t\t\t\t<div class=\"e-con-inner\">\n\t\t<div class=\"elementor-element elementor-element-7ac9b32 e-con-full e-flex e-con e-parent\" data-id=\"7ac9b32\" data-element_type=\"container\" data-settings=\"{&quot;background_background&quot;:&quot;classic&quot;,&quot;_ha_eqh_enable&quot;:false}\">\n\t\t<div class=\"elementor-element elementor-element-f3a5a4e e-con-full e-flex e-con e-parent\" data-id=\"f3a5a4e\" data-element_type=\"container\" data-settings=\"{&quot;_ha_eqh_enable&quot;:false}\">\n\t\t<div class=\"elementor-element elementor-element-1a36d72 e-con-full e-flex elementor-invisible e-con e-parent\" data-id=\"1a36d72\" data-element_type=\"container\" data-settings=\"{&quot;animation&quot;:&quot;fadeIn&quot;,&quot;_ha_eqh_enable&quot;:false}\">\n\t\t\t\t<div class=\"elementor-element elementor-element-2c3404b elementor-widget elementor-widget-text-editor\" data-id=\"2c3404b\" data-element_type=\"widget\" data-widget_type=\"text-editor.default\">\n\t\t\t\t<div class=\"elementor-widget-container\">\n\t\t\t\t\t\t\t\t\tFrom the beginning, ExportSalva has believed in promoting the well-being of our people and our environment.\t\t\t\t\t\t\t\t<\/div>\n\t\t\t\t<\/div>\n\t\t\t\t<div class=\"elementor-element elementor-element-211a3ac elementor-widget elementor-widget-text-editor\" data-id=\"211a3ac\" data-element_type=\"widget\" data-widget_type=\"text-editor.default\">\n\t\t\t\t<div class=\"elementor-widget-container\">\n\t\t\t\t\t\t\t\t\tWe have concentrated efforts through a broad educational support program for low-income youth and we made an investment in renewable energy to contribute to the well-being of our environment and the reduction of the operating costs of our facilities.\t\t\t\t\t\t\t\t<\/div>\n\t\t\t\t<\/div>\n\t\t\t\t<\/div>\n\t\t<div data-ha-element-link=\"{&quot;url&quot;:&quot;#superate&quot;,&quot;is_external&quot;:&quot;&quot;,&quot;nofollow&quot;:&quot;&quot;}\" style=\"cursor: pointer\" class=\"elementor-element elementor-element-8b37b30 e-con-full e-flex elementor-invisible e-con e-parent\" data-id=\"8b37b30\" data-element_type=\"container\" data-settings=\"{&quot;background_background&quot;:&quot;classic&quot;,&quot;animation&quot;:&quot;fadeInUp&quot;,&quot;animation_delay&quot;:300,&quot;_ha_eqh_enable&quot;:false}\">\n\t\t\t\t<div class=\"elementor-element elementor-element-eaf7188 elementor-widget elementor-widget-spacer\" data-id=\"eaf7188\" data-element_type=\"widget\" data-widget_type=\"spacer.default\">\n\t\t\t\t<div class=\"elementor-widget-container\">\n\t\t\t\t\t\t\t<div class=\"elementor-spacer\">\n\t\t\t<div class=\"elementor-spacer-inner\"><\/div>\n\t\t<\/div>\n\t\t\t\t\t\t<\/div>\n\t\t\t\t<\/div>\n\t\t\t\t<div class=\"elementor-element elementor-element-67c5620 elementor-widget__width-auto ha-has-bg-overlay elementor-widget elementor-widget-heading\" data-id=\"67c5620\" data-element_type=\"widget\" data-widget_type=\"heading.default\">\n\t\t\t\t<div class=\"elementor-widget-container\">\n\t\t\t\t\t<span class=\"elementor-heading-title elementor-size-default\">SUP\u00c9RATE 2020 Promotion<\/span>\t\t\t\t<\/div>\n\t\t\t\t<\/div>\n\t\t\t\t<\/div>\n\t\t<div data-ha-element-link=\"{&quot;url&quot;:&quot;#energy&quot;,&quot;is_external&quot;:&quot;&quot;,&quot;nofollow&quot;:&quot;&quot;}\" style=\"cursor: pointer\" class=\"elementor-element elementor-element-9523ae3 e-con-full e-flex elementor-invisible e-con e-parent\" data-id=\"9523ae3\" data-element_type=\"container\" data-settings=\"{&quot;background_background&quot;:&quot;classic&quot;,&quot;animation&quot;:&quot;fadeInUp&quot;,&quot;animation_delay&quot;:600,&quot;_ha_eqh_enable&quot;:false}\">\n\t\t\t\t<div class=\"elementor-element elementor-element-50af714 elementor-widget elementor-widget-spacer\" data-id=\"50af714\" data-element_type=\"widget\" data-widget_type=\"spacer.default\">\n\t\t\t\t<div class=\"elementor-widget-container\">\n\t\t\t\t\t\t\t<div class=\"elementor-spacer\">\n\t\t\t<div class=\"elementor-spacer-inner\"><\/div>\n\t\t<\/div>\n\t\t\t\t\t\t<\/div>\n\t\t\t\t<\/div>\n\t\t\t\t<div class=\"elementor-element elementor-element-d3feac2 elementor-widget__width-auto ha-has-bg-overlay elementor-widget elementor-widget-heading\" data-id=\"d3feac2\" data-element_type=\"widget\" data-widget_type=\"heading.default\">\n\t\t\t\t<div class=\"elementor-widget-container\">\n\t\t\t\t\t<span class=\"elementor-heading-title elementor-size-default\">Renewable Energy<\/span>\t\t\t\t<\/div>\n\t\t\t\t<\/div>\n\t\t\t\t<\/div>\n\t\t\t\t<\/div>\n\t\t\t\t<\/div>\n\t\t\t\t\t<\/div>\n\t\t\t\t<\/div>\n\t\t<div class=\"elementor-element elementor-element-f12aa96 e-flex e-con-boxed e-con e-parent\" data-id=\"f12aa96\" data-element_type=\"container\" id=\"superate\" data-settings=\"{&quot;background_background&quot;:&quot;classic&quot;,&quot;_ha_eqh_enable&quot;:false}\">\n\t\t\t\t\t<div class=\"e-con-inner\">\n\t\t<div class=\"elementor-element elementor-element-5af2bb1 e-con-full e-flex e-con e-parent\" data-id=\"5af2bb1\" data-element_type=\"container\" data-settings=\"{&quot;_ha_eqh_enable&quot;:false}\">\n\t\t<div class=\"elementor-element elementor-element-0e11a14 e-con-full e-flex e-con e-parent\" data-id=\"0e11a14\" data-element_type=\"container\" data-settings=\"{&quot;_ha_eqh_enable&quot;:false}\">\n\t\t<div class=\"elementor-element elementor-element-0e77b2b e-con-full e-flex e-con e-parent\" data-id=\"0e77b2b\" data-element_type=\"container\" data-settings=\"{&quot;_ha_eqh_enable&quot;:false}\">\n\t\t\t\t<div class=\"elementor-element elementor-element-59bb289 elementor-invisible elementor-widget elementor-widget-image\" data-id=\"59bb289\" data-element_type=\"widget\" data-settings=\"{&quot;_animation&quot;:&quot;fadeIn&quot;,&quot;_animation_delay&quot;:1200}\" data-widget_type=\"image.default\">\n\t\t\t\t<div class=\"elementor-widget-container\">\n\t\t\t\t\t\t\t\t\t\t\t\t\t\t\t<img decoding=\"async\" width=\"300\" height=\"143\" src=\"https:\/\/exportsalva.com\/wp-content\/uploads\/2021\/05\/Superate.png\" class=\"attachment-full size-full wp-image-99\" alt=\"Sup\u00e9rate\" \/>\t\t\t\t\t\t\t\t\t\t\t\t\t\t\t<\/div>\n\t\t\t\t<\/div>\n\t\t\t\t<div class=\"elementor-element elementor-element-42a4e65 ha-css-transform-yes elementor-invisible elementor-widget elementor-widget-image\" data-id=\"42a4e65\" data-element_type=\"widget\" data-settings=\"{&quot;_animation&quot;:&quot;fadeInUp&quot;}\" data-widget_type=\"image.default\">\n\t\t\t\t<div class=\"elementor-widget-container\">\n\t\t\t\t\t\t\t\t\t\t\t\t\t\t\t\t<a href=\"https:\/\/exportsalva.com\/wp-content\/uploads\/2021\/05\/Social-Responsibility-2.webp\" data-elementor-open-lightbox=\"yes\" data-elementor-lightbox-title=\"Social-Responsibility-2\" data-e-action-hash=\"#elementor-action%3Aaction%3Dlightbox%26settings%3DeyJpZCI6OTcsInVybCI6Imh0dHBzOlwvXC9leHBvcnRzYWx2YS5jb21cL3dwLWNvbnRlbnRcL3VwbG9hZHNcLzIwMjFcLzA1XC9Tb2NpYWwtUmVzcG9uc2liaWxpdHktMi53ZWJwIn0%3D\">\n\t\t\t\t\t\t\t<img fetchpriority=\"high\" decoding=\"async\" width=\"1400\" height=\"787\" src=\"https:\/\/exportsalva.com\/wp-content\/uploads\/2021\/05\/Social-Responsibility-2.webp\" class=\"attachment-full size-full wp-image-97\" alt=\"\" srcset=\"https:\/\/exportsalva.com\/wp-content\/uploads\/2021\/05\/Social-Responsibility-2.webp 1400w, https:\/\/exportsalva.com\/wp-content\/uploads\/2021\/05\/Social-Responsibility-2-300x169.webp 300w, https:\/\/exportsalva.com\/wp-content\/uploads\/2021\/05\/Social-Responsibility-2-1024x576.webp 1024w, https:\/\/exportsalva.com\/wp-content\/uploads\/2021\/05\/Social-Responsibility-2-768x432.webp 768w\" sizes=\"(max-width: 1400px) 100vw, 1400px\" \/>\t\t\t\t\t\t\t\t<\/a>\n\t\t\t\t\t\t\t\t\t\t\t\t\t\t\t<\/div>\n\t\t\t\t<\/div>\n\t\t\t\t<\/div>\n\t\t<div class=\"elementor-element elementor-element-3cba8a4 e-con-full e-flex elementor-invisible e-con e-parent\" data-id=\"3cba8a4\" data-element_type=\"container\" data-settings=\"{&quot;animation&quot;:&quot;fadeIn&quot;,&quot;animation_delay&quot;:600,&quot;_ha_eqh_enable&quot;:false}\">\n\t\t\t\t<div class=\"elementor-element elementor-element-407db47 elementor-widget elementor-widget-text-editor\" data-id=\"407db47\" data-element_type=\"widget\" data-widget_type=\"text-editor.default\">\n\t\t\t\t<div class=\"elementor-widget-container\">\n\t\t\t\t\t\t\t\t\t<p><b>Sup\u00e9rate provides high quality education in English, computer science and values to low-income, high-achieving youth for three years.<\/b><\/p><p>The young people receive three hours a day of classes in additional to their education in the public system.<\/p><p>They also have a solid foundation of values and reflect a commitment to continue contributing to the country's socioeconomic development.<\/p><p>Starting in 2006, friendly foundations and companies, with a high commitment to the country's social agenda, were invited to share the work model so that they could join this initiative, to establish and sponsor a new S\u00faperate Centers, with the aim of scaling and multiplying the Program at a national and regional level.<\/p>\t\t\t\t\t\t\t\t<\/div>\n\t\t\t\t<\/div>\n\t\t\t\t<\/div>\n\t\t\t\t<\/div>\n\t\t\t\t<\/div>\n\t\t\t\t\t<\/div>\n\t\t\t\t<\/div>\n\t\t\t\t<\/div>","protected":false},"excerpt":{"rendered":"<p>Responsabilidad Social Desde el principio, en ExportSalva hemos creido en promover el bienestar de nuestra gente y nuestro medio ambiente.Hemos concentrado esfuerzos a trav\u00e9s de un extenso programa de apoyo educativo para j\u00f3venes de bajos ingresos e inversi\u00f3n en energ\u00eda renovable para contribuir al bienestar de nuestro medio ambiente y la reducci\u00f3n de los costos [&hellip;]<\/p>\n","protected":false},"author":1,"featured_media":0,"parent":1477,"menu_order":0,"comment_status":"closed","ping_status":"closed","template":"elementor_header_footer","meta":{"footnotes":""},"blocksy_meta":{"styles_descriptor":{"styles":{"desktop":"","tablet":"","mobile":""},"google_fonts":[],"version":5}},"_links":{"self":[{"href":"https:\/\/exportsalva.com\/en\/wp-json\/wp\/v2\/pages\/2474"}],"collection":[{"href":"https:\/\/exportsalva.com\/en\/wp-json\/wp\/v2\/pages"}],"about":[{"href":"https:\/\/exportsalva.com\/en\/wp-json\/wp\/v2\/types\/page"}],"author":[{"embeddable":true,"href":"https:\/\/exportsalva.com\/en\/wp-json\/wp\/v2\/users\/1"}],"replies":[{"embeddable":true,"href":"https:\/\/exportsalva.com\/en\/wp-json\/wp\/v2\/comments?post=2474"}],"version-history":[{"count":16,"href":"https:\/\/exportsalva.com\/en\/wp-json\/wp\/v2\/pages\/2474\/revisions"}],"predecessor-version":[{"id":2499,"href":"https:\/\/exportsalva.com\/en\/wp-json\/wp\/v2\/pages\/2474\/revisions\/2499"}],"up":[{"embeddable":true,"href":"https:\/\/exportsalva.com\/en\/wp-json\/wp\/v2\/pages\/1477"}],"wp:attachment":[{"href":"https:\/\/exportsalva.com\/en\/wp-json\/wp\/v2\/media?parent=2474"}],"curies":[{"name":"wp","href":"https:\/\/api.w.org\/{rel}","templated":true}]}}