{"id":2484,"date":"2022-07-31T18:23:42","date_gmt":"2022-08-01T00:23:42","guid":{"rendered":"https:\/\/wordpress-460556-1928604.cloudwaysapps.com\/?page_id=2484"},"modified":"2022-07-31T18:30:37","modified_gmt":"2022-08-01T00:30:37","slug":"energia-renovable","status":"publish","type":"page","link":"https:\/\/exportsalva.com\/en\/responsabilidad-social-y-sostenibilidad\/energia-renovable\/","title":{"rendered":"Renewable Energy"},"content":{"rendered":"<div data-elementor-type=\"wp-page\" data-elementor-id=\"2484\" class=\"elementor elementor-2484\" data-elementor-settings=\"{&quot;ha_cmc_init_switcher&quot;:&quot;no&quot;}\" data-elementor-post-type=\"page\">\n\t\t\t\t<div class=\"elementor-element elementor-element-5a45340 e-flex e-con-boxed e-con e-parent\" data-id=\"5a45340\" data-element_type=\"container\" data-settings=\"{&quot;background_background&quot;:&quot;gradient&quot;,&quot;_ha_eqh_enable&quot;:false}\">\n\t\t\t\t\t<div class=\"e-con-inner\">\n\t\t\t\t<div class=\"elementor-element elementor-element-9eb2a8a elementor-widget elementor-widget-heading\" data-id=\"9eb2a8a\" data-element_type=\"widget\" data-widget_type=\"heading.default\">\n\t\t\t\t<div class=\"elementor-widget-container\">\n\t\t\t\t\t<h1 class=\"elementor-heading-title elementor-size-default\">Renewable Energy<\/h1>\t\t\t\t<\/div>\n\t\t\t\t<\/div>\n\t\t\t\t\t<\/div>\n\t\t\t\t<\/div>\n\t\t<div class=\"elementor-element elementor-element-2399968 e-flex e-con-boxed e-con e-parent\" data-id=\"2399968\" data-element_type=\"container\" id=\"energy\" data-settings=\"{&quot;background_background&quot;:&quot;classic&quot;,&quot;_ha_eqh_enable&quot;:false}\">\n\t\t\t\t\t<div class=\"e-con-inner\">\n\t\t<div class=\"elementor-element elementor-element-10cfe23 e-con-full e-flex e-con e-parent\" data-id=\"10cfe23\" data-element_type=\"container\" data-settings=\"{&quot;_ha_eqh_enable&quot;:false}\">\n\t\t<div class=\"elementor-element elementor-element-6d8b40b e-con-full e-flex e-con e-parent\" data-id=\"6d8b40b\" data-element_type=\"container\" data-settings=\"{&quot;_ha_eqh_enable&quot;:false}\">\n\t\t<div class=\"elementor-element elementor-element-504f6e5 e-con-full e-flex elementor-invisible e-con e-parent\" data-id=\"504f6e5\" data-element_type=\"container\" data-settings=\"{&quot;animation&quot;:&quot;fadeIn&quot;,&quot;_ha_eqh_enable&quot;:false}\">\n\t\t\t\t<div class=\"elementor-element elementor-element-c8ec1f3 elementor-widget elementor-widget-text-editor\" data-id=\"c8ec1f3\" data-element_type=\"widget\" data-widget_type=\"text-editor.default\">\n\t\t\t\t<div class=\"elementor-widget-container\">\n\t\t\t\t\t\t\t\t\tSince 2015, ExportSalva opted for the use of solar energy as part of an effort to improve the environment and reduce operating costs.<br><br>\n\nToday ExportSalva has more than 38,000 SQM\u00a0of solar panels installed, producing up to 5.5 MWh annually.<br><br>\n\nWith this level of energy production we are saving the equivalent of 1,300 hectares of trees per year. Currently 60% of the energy used in the park is generated by the photovoltaic system.\t\t\t\t\t\t\t\t<\/div>\n\t\t\t\t<\/div>\n\t\t\t\t<\/div>\n\t\t<div class=\"elementor-element elementor-element-e34e9e5 e-con-full e-flex elementor-invisible e-con e-parent\" data-id=\"e34e9e5\" data-element_type=\"container\" data-settings=\"{&quot;animation&quot;:&quot;fadeIn&quot;,&quot;animation_delay&quot;:600,&quot;_ha_eqh_enable&quot;:false}\">\n\t\t\t\t<div class=\"elementor-element elementor-element-4f61d8c elementor-widget elementor-widget-image\" data-id=\"4f61d8c\" data-element_type=\"widget\" data-widget_type=\"image.default\">\n\t\t\t\t<div class=\"elementor-widget-container\">\n\t\t\t\t\t\t\t\t\t\t\t\t\t\t\t\t<a href=\"https:\/\/exportsalva.com\/wp-content\/uploads\/2021\/05\/Renewable-Energy.webp\" data-elementor-open-lightbox=\"yes\" data-elementor-lightbox-title=\"Renewable-Energy\" data-e-action-hash=\"#elementor-action%3Aaction%3Dlightbox%26settings%3DeyJpZCI6OTMsInVybCI6Imh0dHBzOlwvXC9leHBvcnRzYWx2YS5jb21cL3dwLWNvbnRlbnRcL3VwbG9hZHNcLzIwMjFcLzA1XC9SZW5ld2FibGUtRW5lcmd5LndlYnAifQ%3D%3D\">\n\t\t\t\t\t\t\t<img fetchpriority=\"high\" decoding=\"async\" width=\"1400\" height=\"1049\" src=\"https:\/\/exportsalva.com\/wp-content\/uploads\/2021\/05\/Renewable-Energy.webp\" class=\"attachment-full size-full wp-image-93\" alt=\"Export Salva Renewable Energy Installed\" srcset=\"https:\/\/exportsalva.com\/wp-content\/uploads\/2021\/05\/Renewable-Energy.webp 1400w, https:\/\/exportsalva.com\/wp-content\/uploads\/2021\/05\/Renewable-Energy-300x225.webp 300w, https:\/\/exportsalva.com\/wp-content\/uploads\/2021\/05\/Renewable-Energy-1024x767.webp 1024w, https:\/\/exportsalva.com\/wp-content\/uploads\/2021\/05\/Renewable-Energy-768x575.webp 768w\" sizes=\"(max-width: 1400px) 100vw, 1400px\" \/>\t\t\t\t\t\t\t\t<\/a>\n\t\t\t\t\t\t\t\t\t\t\t\t\t\t\t<\/div>\n\t\t\t\t<\/div>\n\t\t\t\t<\/div>\n\t\t\t\t<\/div>\n\t\t\t\t<\/div>\n\t\t\t\t\t<\/div>\n\t\t\t\t<\/div>\n\t\t\t\t<\/div>","protected":false},"excerpt":{"rendered":"<p>Energ\u00eda Renovable Desde 2015, ExportSalva opt\u00f3 por el uso de la energ\u00eda solar como parte del esfuerzo por mejorar el medio ambiente y reducir los costos de operaci\u00f3n. Hoy en d\u00eda ExportSalva tiene m\u00e1s de 38,000 M2 de paneles solares instalados, produciendo hasta 5.5 MWh anuales. Con este nivel de producci\u00f3n de energ\u00eda estamos ahorrando [&hellip;]<\/p>\n","protected":false},"author":1,"featured_media":0,"parent":1477,"menu_order":1,"comment_status":"closed","ping_status":"closed","template":"elementor_header_footer","meta":{"footnotes":""},"blocksy_meta":{"styles_descriptor":{"styles":{"desktop":"","tablet":"","mobile":""},"google_fonts":[],"version":5}},"_links":{"self":[{"href":"https:\/\/exportsalva.com\/en\/wp-json\/wp\/v2\/pages\/2484"}],"collection":[{"href":"https:\/\/exportsalva.com\/en\/wp-json\/wp\/v2\/pages"}],"about":[{"href":"https:\/\/exportsalva.com\/en\/wp-json\/wp\/v2\/types\/page"}],"author":[{"embeddable":true,"href":"https:\/\/exportsalva.com\/en\/wp-json\/wp\/v2\/users\/1"}],"replies":[{"embeddable":true,"href":"https:\/\/exportsalva.com\/en\/wp-json\/wp\/v2\/comments?post=2484"}],"version-history":[{"count":7,"href":"https:\/\/exportsalva.com\/en\/wp-json\/wp\/v2\/pages\/2484\/revisions"}],"predecessor-version":[{"id":2502,"href":"https:\/\/exportsalva.com\/en\/wp-json\/wp\/v2\/pages\/2484\/revisions\/2502"}],"up":[{"embeddable":true,"href":"https:\/\/exportsalva.com\/en\/wp-json\/wp\/v2\/pages\/1477"}],"wp:attachment":[{"href":"https:\/\/exportsalva.com\/en\/wp-json\/wp\/v2\/media?parent=2484"}],"curies":[{"name":"wp","href":"https:\/\/api.w.org\/{rel}","templated":true}]}}